{"id":22149,"date":"2023-11-24T15:09:14","date_gmt":"2023-11-24T15:09:14","guid":{"rendered":"https:\/\/acsrecycling.es\/avis-legal\/"},"modified":"2025-11-15T04:57:30","modified_gmt":"2025-11-15T04:57:30","slug":"avis-legal","status":"publish","type":"page","link":"https:\/\/acsrecycling.es\/ca\/avis-legal\/","title":{"rendered":"Av\u00eds legal"},"content":{"rendered":"\t\t<div data-elementor-type=\"wp-page\" data-elementor-id=\"22149\" class=\"elementor elementor-22149 elementor-3\" data-elementor-post-type=\"page\">\n\t\t\t\t<div class=\"elementor-element elementor-element-7955c1 e-flex e-con-boxed parallax_section_no qode_elementor_container_no e-con e-parent\" data-id=\"7955c1\" data-element_type=\"container\" data-e-type=\"container\">\n\t\t\t\t\t<div class=\"e-con-inner\">\n\t\t\t\t<div class=\"elementor-element elementor-element-151640c3 elementor-widget elementor-widget-text-editor\" data-id=\"151640c3\" data-element_type=\"widget\" data-e-type=\"widget\" data-widget_type=\"text-editor.default\">\n\t\t\t\t<div class=\"elementor-widget-container\">\n\t\t\t\t\t\t\t\t\t<h1><span style=\"color: #2e4a7a;\">Av\u00eds legal<br \/><\/span><\/h1><p>En cumplimiento de la Ley 34\/2002, de 11 de julio, de servicios de la sociedad de la informaci\u00f3n y de comercio electr\u00f3nico, ACS Recycling S.L.U. le informa que es titular de la p\u00e1gina web <a href=\"https:\/\/acsrecycling.es\/ca\/\">https:\/\/acsrecycling.es<\/a>. y que puede contactar con nosotros en:<\/p><section id=\"content\" class=\"page-content page-cms page-cms-2\">ACS Recycling S.L.U.<p>CIF: B65948838 y domicilio legal en:<\/p><p>Carrer Pau Vila i Dinar\u00e8s 18,<br \/>Poligon Can Torras Can Llobet,<br \/>08192, Sant Quirze del Vall\u00e8s,<br \/>Barcelona,<\/p><p>Inscrita en el Registro Mercantil de Barcelona al Tomo 43579, Folio 145, Hoja n.\u00ba B432723, Inscripci\u00f3n 1.<\/p><p>La direcci\u00f3n de correo electr\u00f3nico de contacto con la empresa es: <a href=\"mailto:in**@**********ng.es\" data-original-string=\"kt15qmCl82Uyvr1W480NjA==ef4wHpwFrKOaj\/IC8pWvj+dLnMiNZDPjUDXt7eVPrdCGpc=\" title=\"This contact has been encoded by Anti-Spam by CleanTalk. Click to decode. To finish the decoding make sure that JavaScript is enabled in your browser.\"><span \n                data-original-string='gkp0AzXhQ54ABh7oYed1hw==ef48sNtp4MzyNzBDNnnjQgdcw1sKMYDNoKoJS6\/j1erMqM='\n                class='apbct-email-encoder'\n                title='This contact has been encoded by Anti-Spam by CleanTalk. Click to decode. To finish the decoding make sure that JavaScript is enabled in your browser.'>in<span class=\"apbct-blur\">**<\/span>@<span class=\"apbct-blur\">**********<\/span>ng.es<\/span><\/a>.<\/p><h2>Usuario y responsabilidades<\/h2><p>La navegaci\u00f3n, acceso y uso por la p\u00e1gina web de ACS Recycling S.L.U. confiere la condici\u00f3n de usuario, por la que se aceptan, desde la navegaci\u00f3n por la p\u00e1gina web de ACS Recycling S.L.U., todas las condiciones de uso aqu\u00ed establecidas sin perjuicio de la aplicaci\u00f3n de la correspondiente normativa de obligado cumplimiento legal seg\u00fan el caso. La p\u00e1gina web de ACS Recycling S.L.U. proporciona gran diversidad de informaci\u00f3n, servicios y datos. El usuario asume su responsabilidad en el uso correcto de la p\u00e1gina web. Esta responsabilidad se extender\u00e1 a:<\/p><p>&#8212; La veracidad y licitud de las informaciones aportadas por el usuario en los formularios extendidos por ACS Recycling S.L.U. para el acceso a ciertos contenidos o servicios ofrecidos por la web.<\/p><p>&#8212; El uso de la informaci\u00f3n, servicios y datos ofrecidos por ACS Recycling S.L.U. contrariamente a lo dispuesto por las presentes condiciones, la Ley, la moral, las buenas costumbres o el orden p\u00fablico, o que de cualquier otro modo puedan suponer lesi\u00f3n de los derechos a terceros o del mismo funcionamiento de la p\u00e1gina web.<\/p><h2>Pol\u00edtica de Enlaces y Exenciones de Responsabilidad<\/h2><p>ACS Recycling S.L.U. no se hace responsable del contenido de las p\u00e1ginas web a las que el usuario pueda acceder a trav\u00e9s de los enlaces establecidos en su website y declara que en ning\u00fan caso proceder\u00e1 a examinar o ejercitar ning\u00fan tipo de control sobre el contenido de otras p\u00e1ginas de la red.<\/p><p>La funci\u00f3n de los enlaces que aparecen en esta p\u00e1gina web tiene s\u00f3lo finalidad informativa y en ning\u00fan caso suponen una sugerencia, invitaci\u00f3n o recomendaci\u00f3n para la visita de los lugares de destino.<\/p><p>Asimismo, tampoco garantizar\u00e1 la disponibilidad t\u00e9cnica, exactitud, veracidad, validez o legalidad de p\u00e1ginas ajenas a su propiedad a las que se pueda acceder por medio de los enlaces.<\/p><p>ACS Recycling S.L.U. declara haber aportado todas las medidas necesarias para evitar cualesquiera da\u00f1os que, a los usuarios de su website, pudieran derivarse de la navegaci\u00f3n por su p\u00e1gina web. En consecuencia, ACS Recycling S.L.U. no se hace responsable, en ning\u00fan caso, de los eventuales da\u00f1os que por la navegaci\u00f3n por Internet pudiera sufrir el usuario.<\/p><h2>Modificaciones<\/h2><p>ACS Recycling S.L.U. se reserva el derecho a realizar las modificaciones que considere oportunas, sin aviso previo, en el contenido de su website. Tanto en lo referente a los contenidos de la p\u00e1gina web, como en las condiciones de uso de la misma o en las condiciones generales de contrataci\u00f3n. Dichas modificaciones podr\u00e1n realizarse, a trav\u00e9s de su p\u00e1gina web, de cualquier forma admisible en derecho y ser\u00e1n de obligado cumplimiento durante el tiempo en que se encuentren publicadas en la web y hasta que no sean modificadas v\u00e1lidamente por otras posteriores.<\/p><h2>Reserva de Cookies<\/h2><p>ACS Recycling S.L.U. tras el consentimiento previo del usuario, utilizar\u00e1 dispositivos de almacenamiento y recuperaci\u00f3n de datos (cookies) en la navegaci\u00f3n del mismo por su p\u00e1gina web, para facilitar la personalizaci\u00f3n y comodidad de la navegaci\u00f3n. Siguiendo la pol\u00edtica de protecci\u00f3n de datos de la empresa, ACS Recycling S.L.U. informa que las cookies se asocian al usuario an\u00f3nimo y a su ordenador, y no proporcionan por si el nombre y apellidos del usuario. El apartado Pol\u00edtica de Cookies permite al usuario conocer todos los t\u00e9rminos y condiciones relativos al uso de dichos dispositivos de almacenamiento y recuperaci\u00f3n de datos.<\/p><h2>Propiedad Intelectual<\/h2><p>A menos que expresamente se indique lo contrario, los contenidos de este portal, incluy\u00e9ndose, a t\u00edtulo enunciativo, textos, im\u00e1genes, sonidos, animaciones, gr\u00e1ficos, botones, programas de ordenador o bases de datos, as\u00ed como su dise\u00f1o, estructura de navegaci\u00f3n y programaci\u00f3n, son titularidad de ACS Recycling S.L.U.<\/p><p>Los derechos de propiedad intelectual de los colaboradores de ACS Recycling S.L.U. que publiquen sus trabajos en este sitio web corresponder\u00e1n a sus autores. El env\u00edo de dichas colaboraciones a ACS Recycling S.L.U. supondr\u00e1 una cesi\u00f3n gratuita de sus derechos para la publicaci\u00f3n de las mismas a trav\u00e9s de nuestros sitios web.<\/p><p>Los derechos de propiedad intelectual e industrial derivados de todos los textos, im\u00e1genes, as\u00ed como de los medios y formas de presentaci\u00f3n y montaje, dise\u00f1o gr\u00e1fico y c\u00f3digos de sus p\u00e1ginas pertenecen, por s\u00ed o como cesionaria, a ACS Recycling S.L.U. Ser\u00e1n, por consiguiente, obras protegidas como propiedad intelectual por el ordenamiento jur\u00eddico espa\u00f1ol, correspondiendo a dicha empresa el ejercicio exclusivo de los derechos de explotaci\u00f3n de los mismos en cualquier forma y, en especial, los derechos de reproducci\u00f3n distribuci\u00f3n, comunicaci\u00f3n p\u00fablica y transformaci\u00f3n, si\u00e9ndoles aplicables tanto la normativa espa\u00f1ola y comunitaria en este campo, como los tratados internacionales relativos a la materia y suscritos por Espa\u00f1a.<\/p><p>Todos los derechos reservados. En cumplimiento de la Ley de la Propiedad Intelectual se proh\u00edbe expresamente la reproducci\u00f3n, distribuci\u00f3n, comunicaci\u00f3n p\u00fablica y utilizaci\u00f3n, de la totalidad o parte de los contenidos de su p\u00e1gina web sin el consentimiento expreso de ACS Recycling S.L.U.<\/p><h2>Acciones Legales, Legislaci\u00f3n Aplicable y Jurisdicci\u00f3n<\/h2><p>ACS Recycling S.L.U. se reserva asimismo la facultad de presentar las acciones administrativas o judiciales que considere oportunas por la utilizaci\u00f3n indebida de su p\u00e1gina web y contenidos o por el incumplimiento de las presentes condiciones.<\/p><p>Para la resoluci\u00f3n de todas las controversias o cuestiones relacionadas con el presente sitio web o de las actividades en \u00e9l desarrolladas, ser\u00e1 de aplicaci\u00f3n la legislaci\u00f3n espa\u00f1ola, a la que se someten expresamente las partes, siendo competentes para la resoluci\u00f3n de todos los conflictos derivados o relacionados con su uso los Juzgados y Tribunales de la ciudad de Barcelona.<\/p><\/section>\t\t\t\t\t\t\t\t<\/div>\n\t\t\t\t<\/div>\n\t\t\t\t\t<\/div>\n\t\t\t\t<\/div>\n\t\t\t\t<\/div>\n\t\t","protected":false},"excerpt":{"rendered":"<p>Av\u00eds legal En cumplimiento de la Ley 34\/2002, de 11 de julio, de servicios de la sociedad de la informaci\u00f3n y de comercio electr\u00f3nico, ACS Recycling S.L.U. le informa que es titular de la p\u00e1gina web https:\/\/acsrecycling.es. y que puede contactar con nosotros en: ACS&#8230;<\/p>\n","protected":false},"author":5,"featured_media":0,"parent":0,"menu_order":0,"comment_status":"closed","ping_status":"closed","template":"","meta":{"content-type":"","_lmt_disableupdate":"","_lmt_disable":"","footnotes":""},"class_list":["post-22149","page","type-page","status-publish","hentry"],"_links":{"self":[{"href":"https:\/\/acsrecycling.es\/ca\/wp-json\/wp\/v2\/pages\/22149","targetHints":{"allow":["GET"]}}],"collection":[{"href":"https:\/\/acsrecycling.es\/ca\/wp-json\/wp\/v2\/pages"}],"about":[{"href":"https:\/\/acsrecycling.es\/ca\/wp-json\/wp\/v2\/types\/page"}],"author":[{"embeddable":true,"href":"https:\/\/acsrecycling.es\/ca\/wp-json\/wp\/v2\/users\/5"}],"replies":[{"embeddable":true,"href":"https:\/\/acsrecycling.es\/ca\/wp-json\/wp\/v2\/comments?post=22149"}],"version-history":[{"count":10,"href":"https:\/\/acsrecycling.es\/ca\/wp-json\/wp\/v2\/pages\/22149\/revisions"}],"predecessor-version":[{"id":25410,"href":"https:\/\/acsrecycling.es\/ca\/wp-json\/wp\/v2\/pages\/22149\/revisions\/25410"}],"wp:attachment":[{"href":"https:\/\/acsrecycling.es\/ca\/wp-json\/wp\/v2\/media?parent=22149"}],"curies":[{"name":"wp","href":"https:\/\/api.w.org\/{rel}","templated":true}]}}