{"id":3289,"date":"2023-11-27T15:29:54","date_gmt":"2023-11-27T15:29:54","guid":{"rendered":"https:\/\/321brand.com\/acrecycling\/politica-de-privacitat\/"},"modified":"2025-11-15T04:51:36","modified_gmt":"2025-11-15T04:51:36","slug":"politica-de-privacitat","status":"publish","type":"page","link":"https:\/\/acsrecycling.es\/ca\/politica-de-privacitat\/","title":{"rendered":"Pol\u00edtica de privacitat"},"content":{"rendered":"\t\t<div data-elementor-type=\"wp-page\" data-elementor-id=\"3289\" class=\"elementor elementor-3289 elementor-52\" data-elementor-post-type=\"page\">\n\t\t\t\t<div class=\"elementor-element elementor-element-1973b75 e-flex e-con-boxed parallax_section_no qode_elementor_container_no e-con e-parent\" data-id=\"1973b75\" data-element_type=\"container\" data-e-type=\"container\">\n\t\t\t\t\t<div class=\"e-con-inner\">\n\t\t\t\t<div class=\"elementor-element elementor-element-35aa8af elementor-widget elementor-widget-text-editor\" data-id=\"35aa8af\" data-element_type=\"widget\" data-e-type=\"widget\" data-widget_type=\"text-editor.default\">\n\t\t\t\t<div class=\"elementor-widget-container\">\n\t\t\t\t\t\t\t\t\t<h1><span style=\"color: #2e4a7a;\">Pol\u00edtica de privacitat<br \/><\/span><\/h1><p>\u00a0<\/p><p>ACS RECYCLING, SLU informa als usuaris que compleix amb la normativa vigent sobre mat\u00e8ria de protecci\u00f3 de dades, i especialment amb el REGLAMENT EUROPEU DE PROTECCI\u00d3 DE DADES. REGLAMENT (UE) 2016\/679 DEL PARLAMENT EUROPEU I DEL CONSELL de 25 de Maig del 2016.<\/p><p>Titular: ACS RECYCLING, SLU a partir d\u2019ara L\u2019EMPRESA<br \/>Direcci\u00f3: C \/ Pau Vila i Dinar\u00e8s 18 (POLG. IND. CAN TORRAS) 08192 SANT QUIRZE DEL VALLES \u2013 BARCELONA.<\/p><p>Correu electr\u00f2nic: <span \n                data-original-string='nlLkL829QMGQJMKzRERTeg==ef4unMeLuDWF7iiFEHMgZMavDwiwLM5Zx\/77isLcVhwkuE='\n                class='apbct-email-encoder'\n                title='This contact has been encoded by Anti-Spam by CleanTalk. Click to decode. To finish the decoding make sure that JavaScript is enabled in your browser.'>in<span class=\"apbct-blur\">**<\/span>@<span class=\"apbct-blur\">**********<\/span>ng.es<\/span> Tel\u00e8fon: 931198062<br \/>C.I.F. B65948838<br \/>Web: https:\/\/acsrecycling.es<\/p><p>D\u2019acord amb el que disposa la normativa vigent, L\u2019EMPRESA, nom\u00e9s recull les dades estrictament necess\u00e0ries per oferir els serveis derivats de la seva activitat i altres prestacions, serveis i \/ o activitats atribu\u00efdes per la Llei.<\/p><p>La present pol\u00edtica de protecci\u00f3 de dades personals pot variar amb el temps a causa de possibles canvis en la legislaci\u00f3, jurisprud\u00e8ncia o als criteris seguits per l\u2019Ag\u00e8ncia Espanyola de protecci\u00f3 de dades o l\u2019autoritat competent en tot moment. \u00c9s per aix\u00f2 que L\u2019EMPRESA es reserva el dret de modificar aquesta pol\u00edtica de privacitat per adaptar-la a novetats legislatives o jurisprudencials que es trobin vigents en el moment prec\u00eds de l\u2019acc\u00e9s als llocs web, aix\u00ed com a pr\u00e0ctiques de el sector.<\/p><p>En aquest cas L\u2019EMPRESA anunciar\u00e0, en aquesta p\u00e0gina els canvis introdu\u00efts amb prou antelaci\u00f3, abans de posar-los en pr\u00e0ctica.<\/p><h2>CONFIDENCIALITAT<\/h2><p>Totes les dades de car\u00e0cter personal, subministrades per correu electr\u00f2nic o formularis de qualsevol tipus seran tractats segons la normativa vigent (REGLAMENT (UE) 2016\/679 DEL PARLAMENT EUROPEU I DEL CONSELL de 25 de Maig de 2016) sobre protecci\u00f3 de dades de car\u00e0cter personal , i en qualsevol cas, tindran el car\u00e0cter de confidencial pel personal dela empresa que administri aquesta informaci\u00f3.<\/p><h2>INFORMACI\u00d3 SOBRE LA VOLUNTAT DE CEDIR LES DADES I LES SEVES CONSEQ\u00dc\u00c8NCIES<br \/>VOLUNTARIETAT<\/h2><p>S\u2019informa als usuaris dels llocs web que les respostes a les preguntes plantejades en els formularis de recollida de dades contingudes en la present web s\u00f3n volunt\u00e0ries, mentre que la negativa a subministrar les dades sol\u00b7licitades poden implicar una denegaci\u00f3 d\u2019acc\u00e9s als serveis que ho requereixin.<\/p><h2>CONSEQ\u00dc\u00c8NCIA<\/h2><p>Mitjan\u00e7ant la realitzaci\u00f3 dels formularis inclosos en els diferents websites relacionats als serveis oferts per L\u2019EMPRESA, els usuaris accepten la inclusi\u00f3 i tractament de les dades facilitades en un fitxer de dades de car\u00e0cter personal, que \u00e9s administrat per L\u2019EMPRESA, podent exercir els drets pertinents segons la cl\u00e0usula seg\u00fcent.<\/p><h2>INFORMACI\u00d3 PER L\u2019USUARI SOBRE ELS DRETS DE RECTIFICACI\u00d3, ACC\u00c9S, OPOSICI\u00d3, CANCEL\u00b7LACI\u00d3 DE LES SEVES DADES, INFORMACI\u00d3, SUPRESSI\u00d3, LIMITACI\u00d3 I PORTABILITAT.<\/h2><p>Els usuaris poden exercir, respecte de les dades recollides, en la forma descrita punt anterior, els drets reconeguts en el REGLAMENT EUROPEU DE PROTECCI\u00d3 DE DADES. REGLAMENT (UE) 2016\/679 i en particular els drets d\u2019acc\u00e9s, rectificaci\u00f3, oposici\u00f3, cancel\u00b7laci\u00f3 de les dades, informaci\u00f3, supressi\u00f3 i portabilitat. Qualsevol usuari pot exercir els drets<\/p><p>esmentats en el par\u00e0graf anterior, mitjan\u00e7ant sol\u00b7licitud escrita i signada, acompanyada de fotoc\u00f2pia de DNI o passaport, a l\u2019adre\u00e7a de L\u2019EMPRESA<\/p><p>Al mateix temps, si un usuari no desitja rebre informaci\u00f3 via correu electr\u00f2nic o per qualsevol altre mitj\u00e0, podr\u00e0 comunicar-se per qualsevol mitj\u00e0 amb justificant de recepci\u00f3, a l\u2019empresa, a l\u2019adre\u00e7a indicada, o mitjan\u00e7ant la devoluci\u00f3 del nostre correu amb la paraula baixa .<\/p><h2>INFORMACI\u00d3 SOBRE LES DADES QUE ES CONSERVEN, DURANT QUANT TEMPS I AMB QUINA FINALITAT.<br \/>DADES QUE ES CONSERVEN.<\/h2><p>Exclusivament dades de contacte (car\u00e0cter b\u00e0sic), com el seu nom, cognom i correu electr\u00f2nic. Aquesta informaci\u00f3 \u00e9s rebuda per L\u2019EMPRESA i mai es ven, transfereix o s\u2019arrenda a altres empreses, exceptuant el cas l\u00f2gic per a la prestaci\u00f3 de servei.<br \/>L\u2019EMPRESA \u00e9s responsable d\u2019aquests fitxers de dades de car\u00e0cter personal, creats per i per a L\u2019EMPRESA amb la finalitat de realitzar el manteniment i gesti\u00f3 de la relaci\u00f3 amb els usuaris, informaci\u00f3 i distribuci\u00f3 de productes d\u2019organitzaci\u00f3, aix\u00ed com la realitzaci\u00f3 d\u2019activitats diverses .<\/p><h2>AMB QUINA FINALITAT<\/h2><p>Aix\u00ed mateix li informem que la informaci\u00f3 de les bases de dades podr\u00e0 ser usada per a la identificaci\u00f3 d\u2019usuaris i per a realitzar estudis estad\u00edstics dels usuaris registrats.<br \/>Durant el proc\u00e9s de recopilaci\u00f3 de dades i sempre que es sol\u00b7licitin dades, els usuaris seran informats de l\u2019car\u00e0cter obligatori o voluntari de la recollida de dades i, en alguns casos de la necessitat d\u2019aplicar aquestes dades per a l\u2019acc\u00e9s dels usuaris a determinats continguts de la web.<\/p><p>Si \u00e9s el cas, se\u2019ls demanar\u00e0 als usuaris autoritzaci\u00f3 perqu\u00e8 L\u2019EMPRESA pugui fer \u00fas de les seves dades per enviar-info<\/p><h2>COMPROMISO DE LOS USUARIOS PARA QUE SUS DATOS ESTEN INSCRITOS EN UN FICHERO.<\/h2><p>Introducir datos en una o algunas de las hojas de captacio\u0301n de datos implica la aceptacio\u0301n de estos te\u0301rminos de uso y poli\u0301tica de privacidad, dando a entender que ha sido informado de las condiciones de uso y aviso legal para el mismo y se compromete a su entero cumplimiento durante la navegacio\u0301n y participacio\u0301n en nuestra web.<\/p><h2>EVITAR LA TRANSMISIO\u0301N DE DATOS A TERCERAS EMPRESAS SIN CONSENTIMIENTO EXPRESO DEL USUARIO<\/h2><p>Asi\u0301 mismo y aunque el usuario haya sido informado de la posible existencia de cesiones de datos personales a terceros, y se haya recabado su consentimiento a estas cesiones, en ningu\u0301n caso, excepto en los cubiertos por la legislacio\u0301n vigente, ningu\u0301n tercero ajeno a LA EMPRESA tendra\u0301 acceso, sin el consentimiento de los usuario a sus datos personales y\/o de navegacio\u0301n. En los dema\u0301s casos la empresa colaborara\u0301 para que estos terceros cumplan con la legislacio\u0301n vigente, no obstante responsabilidad sera\u0301 exigible al tercero citado.<\/p><p>LA EMPRESA no vende, alquila o cede los datos personales de los usuarios de este sitio web, a excepcio\u0301n del caso que sea necesario para la propia prestacio\u0301n del servicio.<\/p><p>LA EMPRESA no vende, alquila o cede los correos electro\u0301nicos de sus usuarios a otras empresas, exceptuando el caso que sea necesario para la propia prestacio\u0301n del servicio.<\/p><h2>BAJA DE LA LISTA DE DISTRIBUCIO\u0301N DE INFORMACIO\u0301N<\/h2><p>Ocasionalmente LA EMPRESA envi\u0301a un email notificando novedades u ofertas que puedan producirse en este sitio Web de LA EMPRESA.<br \/>En cualquier momento pueden darse de baja enviando un correo electro\u0301nico a nuestro e-mail con la palabra baja en el apartado asunto.<\/p><h2>RESPONSABILIDAD DE LOS USUARIOS PARA SU USO Y CONTENIDO<\/h2><p>Tanto el acceso a los sitios web como el uso que pueda hacerse de la informacio\u0301n y contenidos incluidos en ellos, sera\u0301 responsabilidad exclusiva del usuario.<br \/>Por lo tanto, el uso que puede hacerse de la informacio\u0301n, ima\u0301genes, contenidos y\/o productos accesibles a trave\u0301s de la pa\u0301gina web esta\u0301 sujeta a la ley, nacional o internacional, asi\u0301 como los principios de buena fe y uso li\u0301cito por los usuarios, que sera\u0301 totalmente responsable por el acceso y el uso adecuado.<\/p><p>Los usuarios estara\u0301n obligados a hacer un uso razonable de los servicios o contenidos, bajo el principio de buena fe y con respeto a la legislacio\u0301n, la moralidad, orden pu\u0301blico, buenas costumbres, los derechos de terceros o de la empresa, todo ello segu\u0301n las posibilidades y fines para los cuales fueron concebidos dichos servicios o contenidos.<\/p><p>LA EMPRESA no asume ninguna responsabilidad, directa o indirectamente, por dan\u0303o emergente o lucro cesante, derivado del mal uso del servicio o contenidos realizados por los usuarios o terceros.<\/p><h2>INFORMACIO\u0301N LSSI-CE<\/h2><p>En cumplimiento del deber de informacio\u0301n contemplado en el arti\u0301culo 10 de la vigente Ley 34\/2002, del 11 de Julio, de Servicios de la Sociedad de la Informacio\u0301n y del Comercio Electro\u0301nico, le comunicamos que el responsable de la web, desde donde se pueden disponer de diferentes aplicaciones es:<\/p><p>Titular: ACS RECYCLING ELECTRONICS DE CATALUN\u0303A S.L. a partir de ahora LA EMPRESA<br \/>Direcci\u00f3: C \/ Pau Vila i Dinar\u00e8s 18 (POLG. IND. CAN TORRAS) 08192 SANT QUIRZE DEL VALLES \u2013 BARCELONA.<\/p><p>Correu electr\u00f2nic: <span \n                data-original-string='izLr5Pyv28ZUTm8yZkviww==ef4dGAMTlxagy0eqs+QNqRrsg+rjuwJ0WW+u2pqLkSY4aw='\n                class='apbct-email-encoder'\n                title='This contact has been encoded by Anti-Spam by CleanTalk. Click to decode. To finish the decoding make sure that JavaScript is enabled in your browser.'>in<span class=\"apbct-blur\">**<\/span>@<span class=\"apbct-blur\">**********<\/span>ng.es<\/span> Tel\u00e8fon: 931198062<br \/>C.I.F. B65948838<br \/>Web: https:\/\/acsrecycling.es<\/p><h2>CONCEPTO DE USUARIO<\/h2><p>La utilizacio\u0301n de la web le atribuye la condicio\u0301n de usuario, e implica la aceptacio\u0301n plena y sin reservas de todas y cada una de las disposiciones incluidas en este Aviso Legal en la versio\u0301n publicada por La Empresa en el mismo momento que el usuario accede a la web. En consecuencia, el usuario ha de leer atentamente el presente Aviso Legal en cada una de las ocasiones que se proponga utilizar la web, ya que puede haber modificaciones.<\/p><h2>INFORMACIO\u0301N SOBRE LOS LINKS<\/h2><p>La Empresa no se hace responsable de las webs no propias, a las cuales se puede acceder mediante vi\u0301nculos \u201clinks\u201d o desde cualquier contenido puesto a su disposicio\u0301n por terceros.<br \/>Cualquier uso de un acceso a una web, no propia, se realiza por voluntad y riesgo exclusivo del usuario y La Empresa no recomienda ni garantiza ninguna informacio\u0301n obtenida a trave\u0301s de un vi\u0301nculo ajeno. La Empresa, no se responsabiliza de pe\u0301rdida alguna, reclamacio\u0301n o perjuicio derivado de su uso o mal uso de un vi\u0301nculo, o de la informacio\u0301n obtenida a trave\u0301s de e\u0301l, de la interrupcio\u0301n en el servicio o en el acceso, o del intento de usar mal un vi\u0301nculo, tanto al contactar a la web de La Empresa, como al acceder a la informacio\u0301n de otras webs desde la web de La Empresa.<\/p><h2>RENUNCIA Y LIMITACIO\u0301N DE LA RESPONSABILIDAD<\/h2><p>La informacio\u0301n y servicios incluidos o disponibles a trave\u0301s de las pa\u0301ginas webs pueden incluir incorrecciones o errores tipogra\u0301ficos.<br \/>De forma perio\u0301dica se incorporaran cambios a la informacio\u0301n contenida.<br \/>La Empresa puede introducir en cualquier momento mejoras y\/o cambios en los servicios o contenidos.<\/p><p>La Empresa ha obtenido informacio\u0301n y los materiales incluidos en la web de fuentes consideradas como fiables, pero si bien se han tomado las medidas correspondientes para asegurar que la informacio\u0301n contenida sea correcta, no garantiza que sea exacta o este actualizada.<br \/>Tambie\u0301n se advierte que los contenidos de esta web, tiene finalidad informativa en cuanto a calidad, situacio\u0301n, alojamiento, servicios y tarifas de La Empresa.<\/p><h2>INFORMACIO\u0301N SOBRE LA EXENCIO\u0301N DE TODA LA RESPONSABILIDAD DERIVADA DE UNA FALLIDA TE\u0301CNICA Y\/O DE CONTENIDO<\/h2><p>La Empresa declina cualquier responsabilidad en caso de existir interrupciones o un mal funcionamiento del servicio o contenido ofertado en Internet, cualquiera que sea su causa. Asi\u0301 mismo, La Empresano se hace responsable por cai\u0301das de la red, perdidas de negocio a consecuencia de estas cai\u0301das, suspensiones temporales de fluido ele\u0301ctrico, o cualquier tipo de dan\u0303o indirecto que le pudiera causar a los usuarios por causas ajenas a La Empresa.<\/p><p>La Empresa no declara ni garantiza que los servicios o contenidos sean ininterrumpidos o que este\u0301n libres de errores, que los defectos sean corregidos, o que el servicio o servidor que lo haya puesto a disposicio\u0301n este\u0301n libres de virus u otros componentes nocivos, sin perjuicio de que La Empresa realiza sus mejores esfuerzos para evitar estos tipos de incidentes.<\/p><p>En caso que el usuario tome determinados decisiones o realice acciones con base a la informacio\u0301n incluida en cualquiera de las websites, se recomienda la comprobacio\u0301n de la informacio\u0301n recibida con otras fuentes.<\/p><h2>PROPIEDAD INDUSTRIAL E INTELECTUAL<\/h2><p>Los contenidos prestados por La Empresa, asi\u0301 como los contenidos colgados en la red a trave\u0301s de sus pa\u0301ginas web, constituyen una obra segu\u0301n la legislacio\u0301n sobre propiedad intelectual, por lo tanto se encuentra protegidas por las leyes y convenios internacionales aplicables en la materia.<\/p><p>Queda prohibida cualquier forma de reproduccio\u0301n, distribucio\u0301n, comunicacio\u0301n pu\u0301blica, transformacio\u0301n, puesta a disposicio\u0301n y en general, cualquier otro acto de explotacio\u0301n pu\u0301blica referida tanto a las pa\u0301ginas web como a su contenido e informacio\u0301n, sin el expreso y previo consentimiento y por escrito de La Empresa.<\/p><p>En consecuencia, todos los contenidos que se muestran en los diferentes websites y especialmente disen\u0303os, textos, gra\u0301ficos, logotipos, iconos, botones, programas, nombres comerciales, marcas, dibujos industriales, cualquier otro signo susceptible de utilizacio\u0301n industrial y comercial, esta\u0301n sujetos a derechos de propiedad intelectual e industrial de La Empresa o de terceros titulares de los mismos que han autorizado debidamente su inclusio\u0301n en las diferentes websites.<\/p><p>Los contenidos, ima\u0301genes, formas, opiniones, i\u0301ndices y otras expresiones formales que formen parte de las pa\u0301ginas web, asi\u0301 como el programa necesario para el funcionamiento y visualizacio\u0301n de las mismas, constituyen asi\u0301 mismo una obra segu\u0301n el Derecho de Autor y quedan , por tanto,<\/p><p>protegidas por las convenciones internacionales y legislaciones nacionales en materia de Propiedad Intelectual que resulten aplicables.<br \/>El incumplimiento ya sen\u0303alado implica la comisio\u0301n de graves actos ili\u0301citos y la sancio\u0301n pertinente por la legislacio\u0301n civil y penal.<\/p><p>Queda prohibido todo acto por virtud del cual los usuarios de estos servicios o contenidos puedan explotar o servirse comercialmente, directa o indirectamente, en su totalidad o parcialmente, de cualquier de los contenidos, ima\u0301genes, formas, i\u0301ndices y otras expresiones formales que formen parte de las pa\u0301ginas web sin permiso previo y por escrito de La Empresa.<\/p><p>En concreto y sin cara\u0301cter exhaustivo, quedan prohibidos los actos de reproduccio\u0301n, distribucio\u0301n, exhibicio\u0301n, transmisio\u0301n, retransmisio\u0301n, emisio\u0301n en cualquier forma, almacenando en soportes fi\u0301sicos o logi\u0301sticos ( por ejemplo, memorias usb o disco duro de ordenador), digitalizar o poner a disposicio\u0301n desde bases de datos diferentes de las pertenecientes a las autorizadas por La Empresa, asi\u0301 como su traduccio\u0301n, adaptacio\u0301n, o cualquier otra transformacio\u0301n de estas opiniones, ima\u0301genes, formas, i\u0301ndices y otras expresiones formales que se pongan a disposicio\u0301n de los usuarios a trave\u0301s de los servicios o contenidos, en cualquier caso esta\u0301n sujetos a la legislacio\u0301n aplicables en materia de Propiedad intelectual, industrial o de Proteccio\u0301n de la imagen.<\/p><p>La Empresa es libre de limitar el acceso a las pa\u0301ginas web, y a los productos y o servicios en ellos ofertados, asi\u0301 como la consiguiente publicacio\u0301n de las opiniones, observaciones, ima\u0301genes o comentarios que los usuarios puedan hacer llegar a trave\u0301s de mail.<\/p><p>La Empresa en este sentido podra\u0301 establecer, si lo considera oportuno, sin perjuicio de la u\u0301nica y exclusiva responsabilidad de los usuarios, los filtros necesarios a fin de evitar que a trave\u0301s de sus pa\u0301ginas web puedan colgarse a la red contenidos u opiniones, consideradas como racistas, xeno\u0301fobos, discriminatorias, pornogra\u0301ficas, difamatorias o que, de cualquier manera, fomenten la violencia o la diseminacio\u0301n de contenidos claramente ili\u0301citos o nocivos.<\/p><p>Aquellos usuarios que envi\u0301en a las pa\u0301ginas web de La Empresa, a su departamento de sugerencias, observaciones, opiniones o comentarios por medio del servicio de correo electro\u0301nico, aparte de que expresen de manera cierta e inconfundible lo contrario, en los casos en los que por la naturaleza del servicio o contenido esto sea posible, se entiende que autoriza a La Empresa para la reproduccio\u0301n, distribucio\u0301n, exhibicio\u0301n, transmisio\u0301n, retrasmisio\u0301n, emisio\u0301n en cualquier forma, almacenarlos en soportes fi\u0301sicos o logi\u0301sticos (por ejemplo memoria usb o disco duro de ordenador),<\/p><p>digitalizar, puesta a disposicio\u0301n desde bases de datos pertenecientes a La Empresa, traduccio\u0301n, adaptacio\u0301n, o cualquier otra transformacio\u0301n de las observaciones, opiniones, o comentarios, por todo el tiempo de proteccio\u0301n de derecho de autor que este previsto legalmente. Asi\u0301 mismo, se entiende que esta autorizacio\u0301n se hace a ti\u0301tulo gratuito, y que por el solo hecho de enviar por email tales observaciones, opiniones o comentarios, los usuarios declinan cualquier pretensio\u0301n remunerari\u0301a por parte de La Empresa.<\/p><p>De acuerdo con lo sen\u0303alado en el pa\u0301rrafo anterior, La Empresa queda autorizada igualmente para proceder a la modificacio\u0301n o alteracio\u0301n de tales observaciones, opiniones o comentarios, a fin de adaptarlos a las necesidades de formato editorial de las pa\u0301ginas web, sin que por eso pueda entenderse que existe en absoluto cualquier tipo de lesio\u0301n en cualquier de las facultades morales de derecho de autor que los usuarios pudieran ostentar sobre aquellas.<\/p><p>Quedan prohibidas cualquier recurso te\u0301cnico, logi\u0301stico o tecnolo\u0301gico, por virtud de cualquier tercero pueda beneficiarse, directa o indirectamente, con o sin lucro, de todos y cada uno de los contenidos, formas, i\u0301ndices, y otras expresiones formales que formen parte de laspa\u0301ginas web, o del esfuerzo llevado a te\u0301rmino por La Empresa para su funcionamiento. En concreto, queda prohibido todo link, hyperlink, framing o vinculo similar que pueda establecerse en direccio\u0301n de las pa\u0301ginas web de La Empresa, sin consentimiento previo, expreso y por escrito de La Empresa. Cualquier trasgresio\u0301n del dispuesto en este punto sera\u0301 considerado como lesio\u0301n de los derechos de Propiedad intelectual de La Empresa sobre laspa\u0301ginas web y todos los contenidos de las mismas.<\/p><p>La Empresa no asumira\u0301 responsabilidad alguna ante las consecuencias derivadas de las conductas y actuaciones antes citadas, de la misma manera que no asumira\u0301 responsabilidad alguna por contenidos, servicios, productos, etc\u2026. De terceros los cualespuedan acceder directamente o a trave\u0301s de banners, enlaces, links, hyperlinks o vi\u0301nculos similares de los websites de La Empresa.<\/p>\t\t\t\t\t\t\t\t<\/div>\n\t\t\t\t<\/div>\n\t\t\t\t\t<\/div>\n\t\t\t\t<\/div>\n\t\t\t\t<\/div>\n\t\t","protected":false},"excerpt":{"rendered":"<p>Objectiu de la pol\u00edtica de privacitat ACS RECYCLING, SLU informa als usuaris que compleix amb la normativa vigent sobre mat\u00e8ria de protecci\u00f3 de dades, i especialment amb el REGLAMENT EUROPEU DE PROTECCI\u00d3 DE DADES. REGLAMENT (UE) 2016\/679 DEL PARLAMENT EUROPEU I DEL CONSELL de 25&#8230;<\/p>\n","protected":false},"author":5,"featured_media":0,"parent":0,"menu_order":0,"comment_status":"closed","ping_status":"closed","template":"","meta":{"content-type":"","_lmt_disableupdate":"","_lmt_disable":"","footnotes":""},"class_list":["post-3289","page","type-page","status-publish","hentry"],"_links":{"self":[{"href":"https:\/\/acsrecycling.es\/ca\/wp-json\/wp\/v2\/pages\/3289","targetHints":{"allow":["GET"]}}],"collection":[{"href":"https:\/\/acsrecycling.es\/ca\/wp-json\/wp\/v2\/pages"}],"about":[{"href":"https:\/\/acsrecycling.es\/ca\/wp-json\/wp\/v2\/types\/page"}],"author":[{"embeddable":true,"href":"https:\/\/acsrecycling.es\/ca\/wp-json\/wp\/v2\/users\/5"}],"replies":[{"embeddable":true,"href":"https:\/\/acsrecycling.es\/ca\/wp-json\/wp\/v2\/comments?post=3289"}],"version-history":[{"count":10,"href":"https:\/\/acsrecycling.es\/ca\/wp-json\/wp\/v2\/pages\/3289\/revisions"}],"predecessor-version":[{"id":25388,"href":"https:\/\/acsrecycling.es\/ca\/wp-json\/wp\/v2\/pages\/3289\/revisions\/25388"}],"wp:attachment":[{"href":"https:\/\/acsrecycling.es\/ca\/wp-json\/wp\/v2\/media?parent=3289"}],"curies":[{"name":"wp","href":"https:\/\/api.w.org\/{rel}","templated":true}]}}