{"id":3307,"date":"2023-12-28T13:08:28","date_gmt":"2023-12-28T13:08:28","guid":{"rendered":"https:\/\/321brand.com\/acrecycling\/com-ho-fem\/atencio-i-assessorament\/"},"modified":"2024-09-12T08:43:08","modified_gmt":"2024-09-12T08:43:08","slug":"atencio-i-assessorament","status":"publish","type":"page","link":"https:\/\/acsrecycling.es\/ca\/com-ho-fem\/atencio-i-assessorament\/","title":{"rendered":"Atenci\u00f3 i assessorament"},"content":{"rendered":"\t\t<div data-elementor-type=\"wp-page\" data-elementor-id=\"3307\" class=\"elementor elementor-3307 elementor-738\" data-elementor-post-type=\"page\">\n\t\t\t\t<div class=\"elementor-element elementor-element-ebf1a40 e-con-full e-flex parallax_section_no qode_elementor_container_no e-con e-parent\" data-id=\"ebf1a40\" data-element_type=\"container\" data-e-type=\"container\" data-settings=\"{&quot;background_background&quot;:&quot;classic&quot;}\">\n\t\t\t\t<div class=\"elementor-element elementor-element-f98f1df elementor-widget elementor-widget-spacer\" data-id=\"f98f1df\" data-element_type=\"widget\" data-e-type=\"widget\" data-widget_type=\"spacer.default\">\n\t\t\t\t<div class=\"elementor-widget-container\">\n\t\t\t\t\t\t\t<div class=\"elementor-spacer\">\n\t\t\t<div class=\"elementor-spacer-inner\"><\/div>\n\t\t<\/div>\n\t\t\t\t\t\t<\/div>\n\t\t\t\t<\/div>\n\t\t\t\t<div class=\"elementor-element elementor-element-8e42423 elementor-widget elementor-widget-text-editor\" data-id=\"8e42423\" data-element_type=\"widget\" data-e-type=\"widget\" data-widget_type=\"text-editor.default\">\n\t\t\t\t<div class=\"elementor-widget-container\">\n\t\t\t\t\t\t\t\t\t<p><strong><span style=\"color: #375ca3;\">Atenci\u00f3 i assessorament<\/span><\/strong><\/p>\n\t\t\t\t\t\t\t\t<\/div>\n\t\t\t\t<\/div>\n\t\t\t\t<div class=\"elementor-element elementor-element-5de47a9 elementor-widget elementor-widget-heading\" data-id=\"5de47a9\" data-element_type=\"widget\" data-e-type=\"widget\" data-widget_type=\"heading.default\">\n\t\t\t\t<div class=\"elementor-widget-container\">\n\t\t\t\t\t<h1 class=\"elementor-heading-title elementor-size-default\">Atenci\u00f3 i assessorament mediambiental.<\/h1>\t\t\t\t<\/div>\n\t\t\t\t<\/div>\n\t\t\t\t<\/div>\n\t\t<div class=\"elementor-element elementor-element-d6ce29e e-con-full e-flex parallax_section_no qode_elementor_container_no e-con e-parent\" data-id=\"d6ce29e\" data-element_type=\"container\" data-e-type=\"container\" data-settings=\"{&quot;background_background&quot;:&quot;classic&quot;}\">\n\t\t<div class=\"elementor-element elementor-element-616f6a4 e-con-full e-flex parallax_section_no qode_elementor_container_no e-con e-child\" data-id=\"616f6a4\" data-element_type=\"container\" data-e-type=\"container\">\n\t\t\t\t<div class=\"elementor-element elementor-element-91b40f5 elementor-widget elementor-widget-heading\" data-id=\"91b40f5\" data-element_type=\"widget\" data-e-type=\"widget\" data-widget_type=\"heading.default\">\n\t\t\t\t<div class=\"elementor-widget-container\">\n\t\t\t\t\t<h2 class=\"elementor-heading-title elementor-size-default\">Servei de recollida RAEE per a empreses.<\/h2>\t\t\t\t<\/div>\n\t\t\t\t<\/div>\n\t\t\t\t<\/div>\n\t\t<div class=\"elementor-element elementor-element-0fa0a37 e-con-full e-flex parallax_section_no qode_elementor_container_no e-con e-child\" data-id=\"0fa0a37\" data-element_type=\"container\" data-e-type=\"container\">\n\t\t\t\t<div class=\"elementor-element elementor-element-8629c29 elementor-widget elementor-widget-text-editor\" data-id=\"8629c29\" data-element_type=\"widget\" data-e-type=\"widget\" data-widget_type=\"text-editor.default\">\n\t\t\t\t<div class=\"elementor-widget-container\">\n\t\t\t\t\t\t\t\t\t<div class=\"column-bg-overlay-wrap\" data-bg-animation=\"none\">\n<div class=\"column-bg-overlay\">\n<p>Som una empresa dedicada als serveis mediambientals especialitzats en la gesti\u00f3 i reciclatge de residus el\u00e8ctrics i electr\u00f2nics (RAEE). A trav\u00e9s del nostre Departament d\u2019assessorament i atenci\u00f3 personalitzada, ajudem a les empreses a complir les seves obligacions mediambientals mitjan\u00e7ant la promoci\u00f3 de la sostenibilitat i l\u2019economia circular.<\/p>\n<p>Sabem que cada empresa t\u00e9 necessitats diferents. Per aix\u00f2, a ACS Recycling, oferim un servei adaptat i de qualitat per oferir-te la soluci\u00f3 que millor s\u2019adapti al teu cas.<\/p>\n<p>Aquesta primera separaci\u00f3 ens permet optimitzar els nostres recursos interns de la millor manera mediambiental i, al mateix temps, treure\u2019n el m\u00e0xim profit.<\/p>\n<\/div>\n<\/div>\n\t\t\t\t\t\t\t\t<\/div>\n\t\t\t\t<\/div>\n\t\t\t\t<div class=\"elementor-element elementor-element-bd057bb elementor-widget elementor-widget-video\" data-id=\"bd057bb\" data-element_type=\"widget\" data-e-type=\"widget\" data-settings=\"{&quot;youtube_url&quot;:&quot;https:\\\/\\\/youtu.be\\\/1S039qnG6GA&quot;,&quot;video_type&quot;:&quot;youtube&quot;,&quot;controls&quot;:&quot;yes&quot;}\" data-widget_type=\"video.default\">\n\t\t\t\t<div class=\"elementor-widget-container\">\n\t\t\t\t\t\t\t<div class=\"elementor-wrapper elementor-open-inline\">\n\t\t\t<div class=\"elementor-video\"><\/div>\t\t<\/div>\n\t\t\t\t\t\t<\/div>\n\t\t\t\t<\/div>\n\t\t\t\t<\/div>\n\t\t\t\t<\/div>\n\t\t<div class=\"elementor-element elementor-element-6298a0f e-con-full e-flex parallax_section_no qode_elementor_container_no e-con e-parent\" data-id=\"6298a0f\" data-element_type=\"container\" data-e-type=\"container\" data-settings=\"{&quot;background_background&quot;:&quot;classic&quot;}\">\n\t\t<div class=\"elementor-element elementor-element-11af385 e-con-full e-flex parallax_section_no qode_elementor_container_no e-con e-child\" data-id=\"11af385\" data-element_type=\"container\" data-e-type=\"container\">\n\t\t\t\t<div class=\"elementor-element elementor-element-a31c41a elementor-widget elementor-widget-heading\" data-id=\"a31c41a\" data-element_type=\"widget\" data-e-type=\"widget\" data-widget_type=\"heading.default\">\n\t\t\t\t<div class=\"elementor-widget-container\">\n\t\t\t\t\t<h2 class=\"elementor-heading-title elementor-size-default\">Assessorament mediambiental per a empreses.<\/h2>\t\t\t\t<\/div>\n\t\t\t\t<\/div>\n\t\t\t\t<div class=\"elementor-element elementor-element-9f4df85 elementor-widget elementor-widget-spacer\" data-id=\"9f4df85\" data-element_type=\"widget\" data-e-type=\"widget\" data-widget_type=\"spacer.default\">\n\t\t\t\t<div class=\"elementor-widget-container\">\n\t\t\t\t\t\t\t<div class=\"elementor-spacer\">\n\t\t\t<div class=\"elementor-spacer-inner\"><\/div>\n\t\t<\/div>\n\t\t\t\t\t\t<\/div>\n\t\t\t\t<\/div>\n\t\t\t\t<div class=\"elementor-element elementor-element-f3df9d9 elementor-widget elementor-widget-spacer\" data-id=\"f3df9d9\" data-element_type=\"widget\" data-e-type=\"widget\" data-widget_type=\"spacer.default\">\n\t\t\t\t<div class=\"elementor-widget-container\">\n\t\t\t\t\t\t\t<div class=\"elementor-spacer\">\n\t\t\t<div class=\"elementor-spacer-inner\"><\/div>\n\t\t<\/div>\n\t\t\t\t\t\t<\/div>\n\t\t\t\t<\/div>\n\t\t\t\t<\/div>\n\t\t<div class=\"elementor-element elementor-element-17f3eef e-con-full e-flex parallax_section_no qode_elementor_container_no e-con e-child\" data-id=\"17f3eef\" data-element_type=\"container\" data-e-type=\"container\">\n\t\t\t\t<div class=\"elementor-element elementor-element-641da50 elementor-widget elementor-widget-text-editor\" data-id=\"641da50\" data-element_type=\"widget\" data-e-type=\"widget\" data-widget_type=\"text-editor.default\">\n\t\t\t\t<div class=\"elementor-widget-container\">\n\t\t\t\t\t\t\t\t\t<p>Som la planta finalista dedicats als serveis mediambientals especialitzada en la gesti\u00f3 i reciclatge electr\u00f2nic. Ubicada a Sant Quirze del Vall\u00e8s al cintur\u00f3 industrial de Barcelona, \u200b\u200bamb una planta pr\u00f2pia de reciclatge de RAEE, autoritzada per l&#8217;Ag\u00e8ncia de Residus de Catalunya, amb el codi de gestor E \u2013 1508.14 i codi de transportista T-4618.<\/p>\n<p>A ACS RECYCLING treballem amb petites, mitjanes i grans empreses, organismes p\u00fablics i els principals sistemes col\u00b7lectius de responsabilitat ampliada del productor (SCRAP).<\/p>\n<p>Disposem d\u00b4un servei d\u00b4assessorament mediambiental per a tots els p\u00fablics, on intentem posar el nostre gra de sorra perqu\u00e8 el residu el\u00e8ctric i electr\u00f2nic sigui processat correctament, ajudant a tots els nostres clients per al seu compliment legal sobre el medi ambient.<\/p>\n\t\t\t\t\t\t\t\t<\/div>\n\t\t\t\t<\/div>\n\t\t\t\t<\/div>\n\t\t\t\t<\/div>\n\t\t<div class=\"elementor-element elementor-element-58c882e e-con-full e-flex parallax_section_no qode_elementor_container_no e-con e-parent\" data-id=\"58c882e\" data-element_type=\"container\" data-e-type=\"container\" data-settings=\"{&quot;background_background&quot;:&quot;classic&quot;}\">\n\t\t\t\t<div class=\"elementor-element elementor-element-e9e5307 elementor-widget elementor-widget-image\" data-id=\"e9e5307\" data-element_type=\"widget\" data-e-type=\"widget\" data-widget_type=\"image.default\">\n\t\t\t\t<div class=\"elementor-widget-container\">\n\t\t\t\t\t\t\t\t\t\t\t\t\t\t\t<img fetchpriority=\"high\" decoding=\"async\" width=\"1920\" height=\"750\" src=\"https:\/\/acsrecycling.es\/wp-content\/uploads\/2024\/07\/Asesoramiento-medioambiental-para-empresas.jpg\" class=\"attachment-full size-full wp-image-21007\" alt=\"Asesoramiento-medioambiental-para-empresas\" srcset=\"https:\/\/acsrecycling.es\/wp-content\/uploads\/2024\/07\/Asesoramiento-medioambiental-para-empresas.jpg 1920w, https:\/\/acsrecycling.es\/wp-content\/uploads\/2024\/07\/Asesoramiento-medioambiental-para-empresas-300x117.jpg 300w, https:\/\/acsrecycling.es\/wp-content\/uploads\/2024\/07\/Asesoramiento-medioambiental-para-empresas-1024x400.jpg 1024w, https:\/\/acsrecycling.es\/wp-content\/uploads\/2024\/07\/Asesoramiento-medioambiental-para-empresas-768x300.jpg 768w, https:\/\/acsrecycling.es\/wp-content\/uploads\/2024\/07\/Asesoramiento-medioambiental-para-empresas-1536x600.jpg 1536w, https:\/\/acsrecycling.es\/wp-content\/uploads\/2024\/07\/Asesoramiento-medioambiental-para-empresas-700x273.jpg 700w\" sizes=\"(max-width: 1920px) 100vw, 1920px\" \/>\t\t\t\t\t\t\t\t\t\t\t\t\t\t\t<\/div>\n\t\t\t\t<\/div>\n\t\t\t\t<\/div>\n\t\t\t\t<\/div>\n\t\t","protected":false},"excerpt":{"rendered":"<p>Atenci\u00f3 i assessorament Atenci\u00f3 i assessorament mediambiental. Servei de recollida RAEE per a empreses. Som una empresa dedicada als serveis mediambientals especialitzats en la gesti\u00f3 i reciclatge de residus el\u00e8ctrics i electr\u00f2nics (RAEE). A trav\u00e9s del nostre Departament d\u2019assessorament i atenci\u00f3 personalitzada, ajudem a les&#8230;<\/p>\n","protected":false},"author":5,"featured_media":0,"parent":3303,"menu_order":0,"comment_status":"closed","ping_status":"closed","template":"elementor_header_footer","meta":{"content-type":"","_lmt_disableupdate":"","_lmt_disable":"","footnotes":""},"class_list":["post-3307","page","type-page","status-publish","hentry"],"_links":{"self":[{"href":"https:\/\/acsrecycling.es\/ca\/wp-json\/wp\/v2\/pages\/3307","targetHints":{"allow":["GET"]}}],"collection":[{"href":"https:\/\/acsrecycling.es\/ca\/wp-json\/wp\/v2\/pages"}],"about":[{"href":"https:\/\/acsrecycling.es\/ca\/wp-json\/wp\/v2\/types\/page"}],"author":[{"embeddable":true,"href":"https:\/\/acsrecycling.es\/ca\/wp-json\/wp\/v2\/users\/5"}],"replies":[{"embeddable":true,"href":"https:\/\/acsrecycling.es\/ca\/wp-json\/wp\/v2\/comments?post=3307"}],"version-history":[{"count":5,"href":"https:\/\/acsrecycling.es\/ca\/wp-json\/wp\/v2\/pages\/3307\/revisions"}],"predecessor-version":[{"id":21565,"href":"https:\/\/acsrecycling.es\/ca\/wp-json\/wp\/v2\/pages\/3307\/revisions\/21565"}],"up":[{"embeddable":true,"href":"https:\/\/acsrecycling.es\/ca\/wp-json\/wp\/v2\/pages\/3303"}],"wp:attachment":[{"href":"https:\/\/acsrecycling.es\/ca\/wp-json\/wp\/v2\/media?parent=3307"}],"curies":[{"name":"wp","href":"https:\/\/api.w.org\/{rel}","templated":true}]}}