{"id":3309,"date":"2023-12-28T13:50:33","date_gmt":"2023-12-28T13:50:33","guid":{"rendered":"https:\/\/321brand.com\/acrecycling\/com-ho-fem\/servei-de-recollida-raee-per-a-empreses\/"},"modified":"2025-11-14T13:41:11","modified_gmt":"2025-11-14T13:41:11","slug":"servei-de-recollida-raee-per-a-empreses","status":"publish","type":"page","link":"https:\/\/acsrecycling.es\/ca\/com-ho-fem\/servei-de-recollida-raee-per-a-empreses\/","title":{"rendered":"Servei de recollida RAEE per a empreses"},"content":{"rendered":"\t\t<div data-elementor-type=\"wp-page\" data-elementor-id=\"3309\" class=\"elementor elementor-3309 elementor-747\" data-elementor-post-type=\"page\">\n\t\t\t\t<div class=\"elementor-element elementor-element-ebf1a40 e-con-full e-flex parallax_section_no qode_elementor_container_no e-con e-parent\" data-id=\"ebf1a40\" data-element_type=\"container\" data-e-type=\"container\" data-settings=\"{&quot;background_background&quot;:&quot;classic&quot;}\">\n\t\t\t\t<div class=\"elementor-element elementor-element-f98f1df elementor-widget elementor-widget-spacer\" data-id=\"f98f1df\" data-element_type=\"widget\" data-e-type=\"widget\" data-widget_type=\"spacer.default\">\n\t\t\t\t<div class=\"elementor-widget-container\">\n\t\t\t\t\t\t\t<div class=\"elementor-spacer\">\n\t\t\t<div class=\"elementor-spacer-inner\"><\/div>\n\t\t<\/div>\n\t\t\t\t\t\t<\/div>\n\t\t\t\t<\/div>\n\t\t\t\t<div class=\"elementor-element elementor-element-8e42423 elementor-widget elementor-widget-text-editor\" data-id=\"8e42423\" data-element_type=\"widget\" data-e-type=\"widget\" data-widget_type=\"text-editor.default\">\n\t\t\t\t<div class=\"elementor-widget-container\">\n\t\t\t\t\t\t\t\t\t<p><strong><span style=\"color: #375ca3;\">Servei de recollida<\/span><\/strong><\/p>\n\t\t\t\t\t\t\t\t<\/div>\n\t\t\t\t<\/div>\n\t\t\t\t<div class=\"elementor-element elementor-element-5de47a9 elementor-widget elementor-widget-heading\" data-id=\"5de47a9\" data-element_type=\"widget\" data-e-type=\"widget\" data-widget_type=\"heading.default\">\n\t\t\t\t<div class=\"elementor-widget-container\">\n\t\t\t\t\t<h1 class=\"elementor-heading-title elementor-size-default\">Recollida de residus electr\u00f2nics per a empreses\n<\/h1>\t\t\t\t<\/div>\n\t\t\t\t<\/div>\n\t\t\t\t<\/div>\n\t\t<div class=\"elementor-element elementor-element-d6ce29e e-con-full e-flex parallax_section_no qode_elementor_container_no e-con e-parent\" data-id=\"d6ce29e\" data-element_type=\"container\" data-e-type=\"container\" data-settings=\"{&quot;background_background&quot;:&quot;classic&quot;}\">\n\t\t<div class=\"elementor-element elementor-element-616f6a4 e-con-full e-flex parallax_section_no qode_elementor_container_no e-con e-child\" data-id=\"616f6a4\" data-element_type=\"container\" data-e-type=\"container\">\n\t\t\t\t<div class=\"elementor-element elementor-element-91b40f5 elementor-widget elementor-widget-heading\" data-id=\"91b40f5\" data-element_type=\"widget\" data-e-type=\"widget\" data-widget_type=\"heading.default\">\n\t\t\t\t<div class=\"elementor-widget-container\">\n\t\t\t\t\t<h2 class=\"elementor-heading-title elementor-size-default\">Servei de recollida RAEE per a empreses.<\/h2>\t\t\t\t<\/div>\n\t\t\t\t<\/div>\n\t\t\t\t<\/div>\n\t\t<div class=\"elementor-element elementor-element-0fa0a37 e-con-full e-flex parallax_section_no qode_elementor_container_no e-con e-child\" data-id=\"0fa0a37\" data-element_type=\"container\" data-e-type=\"container\">\n\t\t\t\t<div class=\"elementor-element elementor-element-8629c29 elementor-widget elementor-widget-text-editor\" data-id=\"8629c29\" data-element_type=\"widget\" data-e-type=\"widget\" data-widget_type=\"text-editor.default\">\n\t\t\t\t<div class=\"elementor-widget-container\">\n\t\t\t\t\t\t\t\t\t<div class=\"column-bg-overlay-wrap\" data-bg-animation=\"none\">\n<div class=\"column-bg-overlay\">\n<p>En funci\u00f3 de les necessitats, deixem als nostres clients diferents tipus de contenidors, adaptats a les seves necessitats, <strong>adaptats a les seves necessitats<\/strong>, per dipositar els RAEE que generen. D\u2019aquesta manera, aconseguim una maximitzaci\u00f3 de l\u2019efici\u00e8ncia en cada col\u00b7lecci\u00f3. <strong>maximitzaci\u00f3 de l&#8217; efici\u00e8ncia en cada col\u00b7lecci\u00f3<\/strong>.<\/p>\n<p>La nostra extensa flota de vehicles autoritzats, per al transport de RAEE, ens permet una <strong>recollida r\u00e0pida i eficient<\/strong>. Cobrint tot el territori nacional, per poder donar un servei ampli als nostres clients.<\/p>\n<\/div>\n<\/div>\n\t\t\t\t\t\t\t\t<\/div>\n\t\t\t\t<\/div>\n\t\t\t\t<div class=\"elementor-element elementor-element-bd057bb elementor-widget elementor-widget-video\" data-id=\"bd057bb\" data-element_type=\"widget\" data-e-type=\"widget\" data-settings=\"{&quot;youtube_url&quot;:&quot;https:\\\/\\\/youtu.be\\\/KtU8eCAvdsU&quot;,&quot;show_image_overlay&quot;:&quot;yes&quot;,&quot;image_overlay&quot;:{&quot;url&quot;:&quot;https:\\\/\\\/acsrecycling.es\\\/wp-content\\\/uploads\\\/2023\\\/12\\\/servicio-de-recogida-de-residuos-raee.jpg&quot;,&quot;id&quot;:3152,&quot;size&quot;:&quot;&quot;,&quot;alt&quot;:&quot;&quot;,&quot;source&quot;:&quot;library&quot;},&quot;lightbox&quot;:&quot;yes&quot;,&quot;loop&quot;:&quot;yes&quot;,&quot;video_type&quot;:&quot;youtube&quot;}\" data-widget_type=\"video.default\">\n\t\t\t\t<div class=\"elementor-widget-container\">\n\t\t\t\t\t\t\t<div class=\"elementor-wrapper elementor-open-lightbox\">\n\t\t\t\t\t\t\t<div class=\"elementor-custom-embed-image-overlay\" data-elementor-open-lightbox=\"yes\" data-elementor-lightbox=\"{&quot;type&quot;:&quot;video&quot;,&quot;videoType&quot;:&quot;youtube&quot;,&quot;url&quot;:&quot;https:\\\/\\\/www.youtube.com\\\/embed\\\/KtU8eCAvdsU?feature=oembed&amp;playlist=KtU8eCAvdsU&amp;start&amp;end&amp;wmode=opaque&amp;loop=1&amp;controls=0&amp;mute=0&amp;rel=0&amp;cc_load_policy=0&quot;,&quot;autoplay&quot;:&quot;&quot;,&quot;modalOptions&quot;:{&quot;id&quot;:&quot;elementor-lightbox-bd057bb&quot;,&quot;entranceAnimation&quot;:&quot;&quot;,&quot;entranceAnimation_tablet&quot;:&quot;&quot;,&quot;entranceAnimation_mobile&quot;:&quot;&quot;,&quot;videoAspectRatio&quot;:&quot;169&quot;}}\" data-e-action-hash=\"#elementor-action%3Aaction%3Dlightbox%26settings%3DeyJ0eXBlIjoidmlkZW8iLCJ2aWRlb1R5cGUiOiJ5b3V0dWJlIiwidXJsIjoiaHR0cHM6XC9cL3d3dy55b3V0dWJlLmNvbVwvZW1iZWRcL0t0VThlQ0F2ZHNVP2ZlYXR1cmU9b2VtYmVkJnBsYXlsaXN0PUt0VThlQ0F2ZHNVJnN0YXJ0JmVuZCZ3bW9kZT1vcGFxdWUmbG9vcD0xJmNvbnRyb2xzPTAmbXV0ZT0wJnJlbD0wJmNjX2xvYWRfcG9saWN5PTAiLCJhdXRvcGxheSI6IiIsIm1vZGFsT3B0aW9ucyI6eyJpZCI6ImVsZW1lbnRvci1saWdodGJveC1iZDA1N2JiIiwiZW50cmFuY2VBbmltYXRpb24iOiIiLCJlbnRyYW5jZUFuaW1hdGlvbl90YWJsZXQiOiIiLCJlbnRyYW5jZUFuaW1hdGlvbl9tb2JpbGUiOiIiLCJ2aWRlb0FzcGVjdFJhdGlvIjoiMTY5In19\">\n\t\t\t\t\t\t\t\t\t\t\t<img fetchpriority=\"high\" decoding=\"async\" width=\"724\" height=\"483\" src=\"https:\/\/acsrecycling.es\/wp-content\/uploads\/2023\/12\/servicio-de-recogida-de-residuos-raee.jpg\" class=\"attachment-full size-full wp-image-3152\" alt=\"innovacion\" srcset=\"https:\/\/acsrecycling.es\/wp-content\/uploads\/2023\/12\/servicio-de-recogida-de-residuos-raee.jpg 724w, https:\/\/acsrecycling.es\/wp-content\/uploads\/2023\/12\/servicio-de-recogida-de-residuos-raee-300x200.jpg 300w, https:\/\/acsrecycling.es\/wp-content\/uploads\/2023\/12\/servicio-de-recogida-de-residuos-raee-700x467.jpg 700w\" sizes=\"(max-width: 724px) 100vw, 724px\" \/>\t\t\t\t\t\t\t\t\t\t\t\t\t\t\t\t<div class=\"elementor-custom-embed-play\" role=\"button\" aria-label=\"Reprodueix v\u00eddeo\" tabindex=\"0\">\n\t\t\t\t\t\t\t<svg aria-hidden=\"true\" class=\"e-font-icon-svg e-eicon-play\" viewBox=\"0 0 1000 1000\" xmlns=\"http:\/\/www.w3.org\/2000\/svg\"><path d=\"M838 162C746 71 633 25 500 25 371 25 258 71 163 162 71 254 25 367 25 500 25 633 71 746 163 837 254 929 367 979 500 979 633 979 746 933 838 837 929 746 975 633 975 500 975 367 929 254 838 162M808 192C892 279 933 379 933 500 933 621 892 725 808 808 725 892 621 938 500 938 379 938 279 896 196 808 113 725 67 621 67 500 67 379 108 279 196 192 279 108 383 62 500 62 621 62 721 108 808 192M438 392V642L642 517 438 392Z\"><\/path><\/svg>\t\t\t\t\t\t<\/div>\n\t\t\t\t\t\t\t\t\t<\/div>\n\t\t\t\t\t<\/div>\n\t\t\t\t\t\t<\/div>\n\t\t\t\t<\/div>\n\t\t\t\t<\/div>\n\t\t\t\t<\/div>\n\t\t<div class=\"elementor-element elementor-element-1e8ab9b e-con-full e-flex parallax_section_no qode_elementor_container_no e-con e-parent\" data-id=\"1e8ab9b\" data-element_type=\"container\" data-e-type=\"container\" data-settings=\"{&quot;background_background&quot;:&quot;classic&quot;}\">\n\t\t<div class=\"elementor-element elementor-element-a98dff5 e-con-full e-flex parallax_section_no qode_elementor_container_no e-con e-child\" data-id=\"a98dff5\" data-element_type=\"container\" data-e-type=\"container\">\n\t\t\t\t<div class=\"elementor-element elementor-element-66d91ba elementor-widget elementor-widget-heading\" data-id=\"66d91ba\" data-element_type=\"widget\" data-e-type=\"widget\" data-widget_type=\"heading.default\">\n\t\t\t\t<div class=\"elementor-widget-container\">\n\t\t\t\t\t<h2 class=\"elementor-heading-title elementor-size-default\">Difer\u00e8ncia entre AEE i RAEE.<\/h2>\t\t\t\t<\/div>\n\t\t\t\t<\/div>\n\t\t\t\t<div class=\"elementor-element elementor-element-1fb3c50 elementor-widget elementor-widget-image\" data-id=\"1fb3c50\" data-element_type=\"widget\" data-e-type=\"widget\" data-widget_type=\"image.default\">\n\t\t\t\t<div class=\"elementor-widget-container\">\n\t\t\t\t\t\t\t\t\t\t\t\t\t\t\t<img decoding=\"async\" width=\"544\" height=\"339\" src=\"https:\/\/acsrecycling.es\/wp-content\/uploads\/2024\/07\/Recogida-y-transporte-de-raee.jpg\" class=\"attachment-full size-full wp-image-21015\" alt=\"Recogida-y-transporte-de-raee\" srcset=\"https:\/\/acsrecycling.es\/wp-content\/uploads\/2024\/07\/Recogida-y-transporte-de-raee.jpg 544w, https:\/\/acsrecycling.es\/wp-content\/uploads\/2024\/07\/Recogida-y-transporte-de-raee-300x187.jpg 300w\" sizes=\"(max-width: 544px) 100vw, 544px\" \/>\t\t\t\t\t\t\t\t\t\t\t\t\t\t\t<\/div>\n\t\t\t\t<\/div>\n\t\t\t\t<\/div>\n\t\t<div class=\"elementor-element elementor-element-f87b489 e-con-full e-flex parallax_section_no qode_elementor_container_no e-con e-child\" data-id=\"f87b489\" data-element_type=\"container\" data-e-type=\"container\">\n\t\t\t\t<div class=\"elementor-element elementor-element-d735788 elementor-widget elementor-widget-text-editor\" data-id=\"d735788\" data-element_type=\"widget\" data-e-type=\"widget\" data-widget_type=\"text-editor.default\">\n\t\t\t\t<div class=\"elementor-widget-container\">\n\t\t\t\t\t\t\t\t\t<p>El transport de Residus d&#8217;Aparells El\u00e8ctrics i Electr\u00f2nics es fa de conformitat amb la legislaci\u00f3 sectorial vigent i en els termes previstos a l&#8217;annex VII del <a href=\"https:\/\/www.boe.es\/buscar\/doc.php?id=BOE-A-2015-1762\" target=\"_blank\" rel=\"noopener\">Reial Decret 110\/2015<\/a>.<\/p>\n<p><a href=\"https:\/\/acsrecycling.es\/ca\/\">ACS RECYCLING<\/a> \u00e9s una empresa dedicada als serveis mediambientals especialitzada en la gesti\u00f3 i reciclatge de residus el\u00e8ctrics i electr\u00f2nics (RAEE).<\/p>\n<p>Ubicada al cintur\u00f3 industrial de Barcelona, \u200b\u200bamb una planta pr\u00f2pia de reciclatge de RAEE, autoritzada per l&#8217;Ag\u00e8ncia de Residus de Catalunya, amb el codi de gestor E\u20131508.14 i codi de transportista T-4618.<\/p>\n\t\t\t\t\t\t\t\t<\/div>\n\t\t\t\t<\/div>\n\t\t\t\t<\/div>\n\t\t\t\t<\/div>\n\t\t<div class=\"elementor-element elementor-element-6298a0f e-con-full e-flex parallax_section_no qode_elementor_container_no e-con e-parent\" data-id=\"6298a0f\" data-element_type=\"container\" data-e-type=\"container\" data-settings=\"{&quot;background_background&quot;:&quot;classic&quot;}\">\n\t\t<div class=\"elementor-element elementor-element-11af385 e-con-full e-flex parallax_section_no qode_elementor_container_no e-con e-child\" data-id=\"11af385\" data-element_type=\"container\" data-e-type=\"container\">\n\t\t\t\t<div class=\"elementor-element elementor-element-a31c41a elementor-widget elementor-widget-heading\" data-id=\"a31c41a\" data-element_type=\"widget\" data-e-type=\"widget\" data-widget_type=\"heading.default\">\n\t\t\t\t<div class=\"elementor-widget-container\">\n\t\t\t\t\t<h2 class=\"elementor-heading-title elementor-size-default\">La import\u00e0ncia del reciclatge daparells el\u00e8ctrics i electr\u00f2nics.<\/h2>\t\t\t\t<\/div>\n\t\t\t\t<\/div>\n\t\t\t\t<div class=\"elementor-element elementor-element-9f4df85 elementor-widget elementor-widget-spacer\" data-id=\"9f4df85\" data-element_type=\"widget\" data-e-type=\"widget\" data-widget_type=\"spacer.default\">\n\t\t\t\t<div class=\"elementor-widget-container\">\n\t\t\t\t\t\t\t<div class=\"elementor-spacer\">\n\t\t\t<div class=\"elementor-spacer-inner\"><\/div>\n\t\t<\/div>\n\t\t\t\t\t\t<\/div>\n\t\t\t\t<\/div>\n\t\t\t\t<div class=\"elementor-element elementor-element-f3df9d9 elementor-widget elementor-widget-spacer\" data-id=\"f3df9d9\" data-element_type=\"widget\" data-e-type=\"widget\" data-widget_type=\"spacer.default\">\n\t\t\t\t<div class=\"elementor-widget-container\">\n\t\t\t\t\t\t\t<div class=\"elementor-spacer\">\n\t\t\t<div class=\"elementor-spacer-inner\"><\/div>\n\t\t<\/div>\n\t\t\t\t\t\t<\/div>\n\t\t\t\t<\/div>\n\t\t\t\t<\/div>\n\t\t<div class=\"elementor-element elementor-element-17f3eef e-con-full e-flex parallax_section_no qode_elementor_container_no e-con e-child\" data-id=\"17f3eef\" data-element_type=\"container\" data-e-type=\"container\">\n\t\t\t\t<div class=\"elementor-element elementor-element-641da50 elementor-widget elementor-widget-text-editor\" data-id=\"641da50\" data-element_type=\"widget\" data-e-type=\"widget\" data-widget_type=\"text-editor.default\">\n\t\t\t\t<div class=\"elementor-widget-container\">\n\t\t\t\t\t\t\t\t\t<p>Amb la constant evoluci\u00f3 de la tecnologia que vivim als nostres dies, t\u00e9 com a conseq\u00fc\u00e8ncia una generaci\u00f3 enorme de residus d&#8217;aparells el\u00e8ctrics i electr\u00f2nics. Cada cop renovem abans els aparells i electrodom\u00e8stics. Las estimaciones apuntan a q<strong>ue en la actualidad los RAEE crecen a un ritmo 3 veces superior al del resto de residuos s\u00f3lidos urbanos (RSU).<\/strong><\/p>\n<p>La millor opci\u00f3 mediambiental per als RAEE \u00e9s, sempre que sigui possible, la , <strong>reparaci\u00f3 o reutilitzaci\u00f3 dels aparells, com fem al nostre CPR<\/strong>, evitant aix\u00ed que es converteixin en residus. Promovent l\u00b4economia circular.<\/p>\n<p>Si aix\u00f2 no \u00e9s possible, els residus han de ser desmuntats o triturats per reciclar-los. Mitjan\u00e7ant els processos adequats de tractament, podem assolir la <strong>recuperaci\u00f3 i valoritzaci\u00f3 de les mat\u00e8ries primeres <\/strong> que contenen els aparells.<\/p>\n\t\t\t\t\t\t\t\t<\/div>\n\t\t\t\t<\/div>\n\t\t\t\t<\/div>\n\t\t\t\t<\/div>\n\t\t<div class=\"elementor-element elementor-element-58c882e e-con-full e-flex parallax_section_no qode_elementor_container_no e-con e-parent\" data-id=\"58c882e\" data-element_type=\"container\" data-e-type=\"container\" data-settings=\"{&quot;background_background&quot;:&quot;classic&quot;}\">\n\t\t\t\t<div class=\"elementor-element elementor-element-4e36e81 elementor-widget elementor-widget-image\" data-id=\"4e36e81\" data-element_type=\"widget\" data-e-type=\"widget\" data-widget_type=\"image.default\">\n\t\t\t\t<div class=\"elementor-widget-container\">\n\t\t\t\t\t\t\t\t\t\t\t\t\t\t\t<img decoding=\"async\" width=\"1920\" height=\"750\" src=\"https:\/\/acsrecycling.es\/wp-content\/uploads\/2024\/07\/La-importancia-de-reciclaje-de-aparatos-electricos-y-electronicos.jpg\" class=\"attachment-full size-full wp-image-21017\" alt=\"La-importancia-de-reciclaje-de-aparatos-electricos-y-electronicos\" srcset=\"https:\/\/acsrecycling.es\/wp-content\/uploads\/2024\/07\/La-importancia-de-reciclaje-de-aparatos-electricos-y-electronicos.jpg 1920w, https:\/\/acsrecycling.es\/wp-content\/uploads\/2024\/07\/La-importancia-de-reciclaje-de-aparatos-electricos-y-electronicos-300x117.jpg 300w, https:\/\/acsrecycling.es\/wp-content\/uploads\/2024\/07\/La-importancia-de-reciclaje-de-aparatos-electricos-y-electronicos-1024x400.jpg 1024w, https:\/\/acsrecycling.es\/wp-content\/uploads\/2024\/07\/La-importancia-de-reciclaje-de-aparatos-electricos-y-electronicos-768x300.jpg 768w, https:\/\/acsrecycling.es\/wp-content\/uploads\/2024\/07\/La-importancia-de-reciclaje-de-aparatos-electricos-y-electronicos-1536x600.jpg 1536w, https:\/\/acsrecycling.es\/wp-content\/uploads\/2024\/07\/La-importancia-de-reciclaje-de-aparatos-electricos-y-electronicos-700x273.jpg 700w\" sizes=\"(max-width: 1920px) 100vw, 1920px\" \/>\t\t\t\t\t\t\t\t\t\t\t\t\t\t\t<\/div>\n\t\t\t\t<\/div>\n\t\t\t\t<\/div>\n\t\t\t\t<\/div>\n\t\t","protected":false},"excerpt":{"rendered":"<p>Servei de recollida Servei de recollida RAEE per a empreses. Servei de recollida RAEE per a empreses. En funci\u00f3 de les necessitats, deixem als nostres clients diferents tipus de contenidors, adaptats a les seves necessitats, adaptats a les seves necessitats, per dipositar els RAEE que&#8230;<\/p>\n","protected":false},"author":5,"featured_media":0,"parent":3303,"menu_order":0,"comment_status":"closed","ping_status":"closed","template":"","meta":{"content-type":"","_lmt_disableupdate":"","_lmt_disable":"","footnotes":""},"class_list":["post-3309","page","type-page","status-publish","hentry"],"_links":{"self":[{"href":"https:\/\/acsrecycling.es\/ca\/wp-json\/wp\/v2\/pages\/3309","targetHints":{"allow":["GET"]}}],"collection":[{"href":"https:\/\/acsrecycling.es\/ca\/wp-json\/wp\/v2\/pages"}],"about":[{"href":"https:\/\/acsrecycling.es\/ca\/wp-json\/wp\/v2\/types\/page"}],"author":[{"embeddable":true,"href":"https:\/\/acsrecycling.es\/ca\/wp-json\/wp\/v2\/users\/5"}],"replies":[{"embeddable":true,"href":"https:\/\/acsrecycling.es\/ca\/wp-json\/wp\/v2\/comments?post=3309"}],"version-history":[{"count":10,"href":"https:\/\/acsrecycling.es\/ca\/wp-json\/wp\/v2\/pages\/3309\/revisions"}],"predecessor-version":[{"id":25364,"href":"https:\/\/acsrecycling.es\/ca\/wp-json\/wp\/v2\/pages\/3309\/revisions\/25364"}],"up":[{"embeddable":true,"href":"https:\/\/acsrecycling.es\/ca\/wp-json\/wp\/v2\/pages\/3303"}],"wp:attachment":[{"href":"https:\/\/acsrecycling.es\/ca\/wp-json\/wp\/v2\/media?parent=3309"}],"curies":[{"name":"wp","href":"https:\/\/api.w.org\/{rel}","templated":true}]}}