{"id":3311,"date":"2023-12-28T10:16:26","date_gmt":"2023-12-28T10:16:26","guid":{"rendered":"https:\/\/321brand.com\/acrecycling\/com-ho-fem\/entrada-de-raee\/"},"modified":"2025-11-15T05:05:01","modified_gmt":"2025-11-15T05:05:01","slug":"entrada-de-raee","status":"publish","type":"page","link":"https:\/\/acsrecycling.es\/ca\/com-ho-fem\/entrada-de-raee\/","title":{"rendered":"Entrada de RAEE"},"content":{"rendered":"\t\t<div data-elementor-type=\"wp-page\" data-elementor-id=\"3311\" class=\"elementor elementor-3311 elementor-608\" data-elementor-post-type=\"page\">\n\t\t\t\t<div class=\"elementor-element elementor-element-ebf1a40 e-con-full e-flex parallax_section_no qode_elementor_container_no e-con e-parent\" data-id=\"ebf1a40\" data-element_type=\"container\" data-e-type=\"container\" data-settings=\"{&quot;background_background&quot;:&quot;classic&quot;}\">\n\t\t\t\t<div class=\"elementor-element elementor-element-f98f1df elementor-widget elementor-widget-spacer\" data-id=\"f98f1df\" data-element_type=\"widget\" data-e-type=\"widget\" data-widget_type=\"spacer.default\">\n\t\t\t\t<div class=\"elementor-widget-container\">\n\t\t\t\t\t\t\t<div class=\"elementor-spacer\">\n\t\t\t<div class=\"elementor-spacer-inner\"><\/div>\n\t\t<\/div>\n\t\t\t\t\t\t<\/div>\n\t\t\t\t<\/div>\n\t\t\t\t<div class=\"elementor-element elementor-element-8e42423 elementor-widget elementor-widget-text-editor\" data-id=\"8e42423\" data-element_type=\"widget\" data-e-type=\"widget\" data-widget_type=\"text-editor.default\">\n\t\t\t\t<div class=\"elementor-widget-container\">\n\t\t\t\t\t\t\t\t\t<p><strong><span style=\"color: #375ca3;\">Entrada de RAEE<\/span><\/strong><\/p>\n\t\t\t\t\t\t\t\t<\/div>\n\t\t\t\t<\/div>\n\t\t\t\t<div class=\"elementor-element elementor-element-5de47a9 elementor-widget elementor-widget-heading\" data-id=\"5de47a9\" data-element_type=\"widget\" data-e-type=\"widget\" data-widget_type=\"heading.default\">\n\t\t\t\t<div class=\"elementor-widget-container\">\n\t\t\t\t\t<h1 class=\"elementor-heading-title elementor-size-default\">Recepci\u00f3 i gesti\u00f3 de residus electr\u00f2nics\n<\/h1>\t\t\t\t<\/div>\n\t\t\t\t<\/div>\n\t\t\t\t<\/div>\n\t\t<div class=\"elementor-element elementor-element-d6ce29e e-con-full e-flex parallax_section_no qode_elementor_container_no e-con e-parent\" data-id=\"d6ce29e\" data-element_type=\"container\" data-e-type=\"container\" data-settings=\"{&quot;background_background&quot;:&quot;classic&quot;}\">\n\t\t<div class=\"elementor-element elementor-element-616f6a4 e-con-full e-flex parallax_section_no qode_elementor_container_no e-con e-child\" data-id=\"616f6a4\" data-element_type=\"container\" data-e-type=\"container\">\n\t\t\t\t<div class=\"elementor-element elementor-element-91b40f5 elementor-widget elementor-widget-heading\" data-id=\"91b40f5\" data-element_type=\"widget\" data-e-type=\"widget\" data-widget_type=\"heading.default\">\n\t\t\t\t<div class=\"elementor-widget-container\">\n\t\t\t\t\t<h2 class=\"elementor-heading-title elementor-size-default\">Entrada de RAEE.<\/h2>\t\t\t\t<\/div>\n\t\t\t\t<\/div>\n\t\t\t\t<\/div>\n\t\t<div class=\"elementor-element elementor-element-0fa0a37 e-con-full e-flex parallax_section_no qode_elementor_container_no e-con e-child\" data-id=\"0fa0a37\" data-element_type=\"container\" data-e-type=\"container\">\n\t\t\t\t<div class=\"elementor-element elementor-element-8629c29 elementor-widget elementor-widget-text-editor\" data-id=\"8629c29\" data-element_type=\"widget\" data-e-type=\"widget\" data-widget_type=\"text-editor.default\">\n\t\t\t\t<div class=\"elementor-widget-container\">\n\t\t\t\t\t\t\t\t\t<p>Un cop recollits els residus, tots ells s\u00f3n transportats i descarregats directament a la nostra planta de reciclatge, especialitzats nom\u00e9s en RAEE. Per a aquells clients que portin el material directament oferim un servei \u00e0gil i r\u00e0pid de desc\u00e0rregues. D\u2019aquesta manera, el temps d\u2019espera \u00e9s m\u00ednim.<\/p>\n<p>Una vegada que els residus es troben a la nostra planta; degudament identificat, ponderat i documentat d\u2019acord amb la normativa establerta pel RD 110\/2015 que s\u2019emmagatzemar\u00e0 fins al tractament mediambiental.<\/p>\n\t\t\t\t\t\t\t\t<\/div>\n\t\t\t\t<\/div>\n\t\t\t\t<div class=\"elementor-element elementor-element-bd057bb elementor-widget elementor-widget-video\" data-id=\"bd057bb\" data-element_type=\"widget\" data-e-type=\"widget\" data-settings=\"{&quot;youtube_url&quot;:&quot;https:\\\/\\\/youtu.be\\\/sTr3qQRTOEw&quot;,&quot;loop&quot;:&quot;yes&quot;,&quot;video_type&quot;:&quot;youtube&quot;}\" data-widget_type=\"video.default\">\n\t\t\t\t<div class=\"elementor-widget-container\">\n\t\t\t\t\t\t\t<div class=\"elementor-wrapper elementor-open-inline\">\n\t\t\t<div class=\"elementor-video\"><\/div>\t\t<\/div>\n\t\t\t\t\t\t<\/div>\n\t\t\t\t<\/div>\n\t\t\t\t<\/div>\n\t\t\t\t<\/div>\n\t\t<div class=\"elementor-element elementor-element-1e8ab9b e-con-full e-flex parallax_section_no qode_elementor_container_no e-con e-parent\" data-id=\"1e8ab9b\" data-element_type=\"container\" data-e-type=\"container\" data-settings=\"{&quot;background_background&quot;:&quot;classic&quot;}\">\n\t\t<div class=\"elementor-element elementor-element-a98dff5 e-con-full e-flex parallax_section_no qode_elementor_container_no e-con e-child\" data-id=\"a98dff5\" data-element_type=\"container\" data-e-type=\"container\">\n\t\t\t\t<div class=\"elementor-element elementor-element-66d91ba elementor-widget elementor-widget-heading\" data-id=\"66d91ba\" data-element_type=\"widget\" data-e-type=\"widget\" data-widget_type=\"heading.default\">\n\t\t\t\t<div class=\"elementor-widget-container\">\n\t\t\t\t\t<h2 class=\"elementor-heading-title elementor-size-default\">Empresa de reciclatge de RAEE.<\/h2>\t\t\t\t<\/div>\n\t\t\t\t<\/div>\n\t\t\t\t<div class=\"elementor-element elementor-element-999b689 elementor-widget elementor-widget-image\" data-id=\"999b689\" data-element_type=\"widget\" data-e-type=\"widget\" data-widget_type=\"image.default\">\n\t\t\t\t<div class=\"elementor-widget-container\">\n\t\t\t\t\t\t\t\t\t\t\t\t\t\t\t<img fetchpriority=\"high\" decoding=\"async\" width=\"450\" height=\"300\" src=\"https:\/\/acsrecycling.es\/wp-content\/uploads\/2024\/09\/empresa-de-reciclaje-de-raee-acs-recycling.jpg\" class=\"attachment-full size-full wp-image-21494\" alt=\"empresa-de-reciclaje-de-raee-acs-recycling\" srcset=\"https:\/\/acsrecycling.es\/wp-content\/uploads\/2024\/09\/empresa-de-reciclaje-de-raee-acs-recycling.jpg 450w, https:\/\/acsrecycling.es\/wp-content\/uploads\/2024\/09\/empresa-de-reciclaje-de-raee-acs-recycling-300x200.jpg 300w\" sizes=\"(max-width: 450px) 100vw, 450px\" \/>\t\t\t\t\t\t\t\t\t\t\t\t\t\t\t<\/div>\n\t\t\t\t<\/div>\n\t\t\t\t<\/div>\n\t\t<div class=\"elementor-element elementor-element-f87b489 e-con-full e-flex parallax_section_no qode_elementor_container_no e-con e-child\" data-id=\"f87b489\" data-element_type=\"container\" data-e-type=\"container\">\n\t\t\t\t<div class=\"elementor-element elementor-element-d735788 elementor-widget elementor-widget-text-editor\" data-id=\"d735788\" data-element_type=\"widget\" data-e-type=\"widget\" data-widget_type=\"text-editor.default\">\n\t\t\t\t<div class=\"elementor-widget-container\">\n\t\t\t\t\t\t\t\t\t<p>RAEE \u00e9s tot l\u2019equip el\u00e8ctric i electr\u00f2nic que es converteix en residus. Aix\u00f2 engloba tots els components, subconjunts i consumibles que formen part del producte en el moment que es rebutja.<\/p>\n<p>Avui dia, \u00e9s el residu que m\u00e9s ha augmentat a causa del gran consumisme de la societat. Els AEE (aparells el\u00e8ctrics i electr\u00f2nics) s\u00f3n m\u00e9s comuns, tenen un \u00fas molt constant en el nostre dia a dia ia m\u00e9s cal destacar la caracter\u00edstica de l&#8217;obsolesc\u00e8ncia programada.<\/p>\n<p>\u00c9s un malbaratament molt desconegut per la societat. Per\u00f2 nom\u00e9s un ha d&#8217;asseure&#8217;s a qualsevol lloc i mirar al seu voltant per poder observar que estem envoltats d&#8217;aparells el\u00e8ctrics i electr\u00f2nics; llums, ordinadors, m\u00f2bils, frigor\u00edfics, pantalles,\u2026<\/p>\n<p>A ACS Recycling, ens dediquem exclusivament a la bona feina d\u2019assessorament i gesti\u00f3 de tots aquests per a qualsevol tipus d\u2019empresa des de fa 7 anys. La nostra feina consisteix a conscienciar i ajudar les empreses de com fer un bon reciclatge de tots aquests. Ens adaptem a qualsevol empresa ia les vostres necessitats ajudant-los en tot moment.<\/p>\n\t\t\t\t\t\t\t\t<\/div>\n\t\t\t\t<\/div>\n\t\t\t\t<\/div>\n\t\t\t\t<\/div>\n\t\t\t\t<\/div>\n\t\t","protected":false},"excerpt":{"rendered":"<p>Entrada de RAEE Recepci\u00f3 i gesti\u00f3 de residus electr\u00f2nics Entrada de RAEE. Un cop recollits els residus, tots ells s\u00f3n transportats i descarregats directament a la nostra planta de reciclatge, especialitzats nom\u00e9s en RAEE. Per a aquells clients que portin el material directament oferim un&#8230;<\/p>\n","protected":false},"author":5,"featured_media":0,"parent":3303,"menu_order":0,"comment_status":"closed","ping_status":"closed","template":"","meta":{"content-type":"","_lmt_disableupdate":"","_lmt_disable":"","footnotes":""},"class_list":["post-3311","page","type-page","status-publish","hentry"],"_links":{"self":[{"href":"https:\/\/acsrecycling.es\/ca\/wp-json\/wp\/v2\/pages\/3311","targetHints":{"allow":["GET"]}}],"collection":[{"href":"https:\/\/acsrecycling.es\/ca\/wp-json\/wp\/v2\/pages"}],"about":[{"href":"https:\/\/acsrecycling.es\/ca\/wp-json\/wp\/v2\/types\/page"}],"author":[{"embeddable":true,"href":"https:\/\/acsrecycling.es\/ca\/wp-json\/wp\/v2\/users\/5"}],"replies":[{"embeddable":true,"href":"https:\/\/acsrecycling.es\/ca\/wp-json\/wp\/v2\/comments?post=3311"}],"version-history":[{"count":10,"href":"https:\/\/acsrecycling.es\/ca\/wp-json\/wp\/v2\/pages\/3311\/revisions"}],"predecessor-version":[{"id":25426,"href":"https:\/\/acsrecycling.es\/ca\/wp-json\/wp\/v2\/pages\/3311\/revisions\/25426"}],"up":[{"embeddable":true,"href":"https:\/\/acsrecycling.es\/ca\/wp-json\/wp\/v2\/pages\/3303"}],"wp:attachment":[{"href":"https:\/\/acsrecycling.es\/ca\/wp-json\/wp\/v2\/media?parent=3311"}],"curies":[{"name":"wp","href":"https:\/\/api.w.org\/{rel}","templated":true}]}}