{"id":3317,"date":"2023-12-28T11:34:28","date_gmt":"2023-12-28T11:34:28","guid":{"rendered":"https:\/\/321brand.com\/acrecycling\/com-ho-fem\/desmuntatge-manual\/"},"modified":"2025-11-15T05:07:09","modified_gmt":"2025-11-15T05:07:09","slug":"desmuntatge-manual","status":"publish","type":"page","link":"https:\/\/acsrecycling.es\/ca\/com-ho-fem\/desmuntatge-manual\/","title":{"rendered":"Desmuntatge manual"},"content":{"rendered":"\t\t<div data-elementor-type=\"wp-page\" data-elementor-id=\"3317\" class=\"elementor elementor-3317 elementor-680\" data-elementor-post-type=\"page\">\n\t\t\t\t<div class=\"elementor-element elementor-element-ebf1a40 e-con-full e-flex parallax_section_no qode_elementor_container_no e-con e-parent\" data-id=\"ebf1a40\" data-element_type=\"container\" data-e-type=\"container\" data-settings=\"{&quot;background_background&quot;:&quot;classic&quot;}\">\n\t\t\t\t<div class=\"elementor-element elementor-element-f98f1df elementor-widget elementor-widget-spacer\" data-id=\"f98f1df\" data-element_type=\"widget\" data-e-type=\"widget\" data-widget_type=\"spacer.default\">\n\t\t\t\t<div class=\"elementor-widget-container\">\n\t\t\t\t\t\t\t<div class=\"elementor-spacer\">\n\t\t\t<div class=\"elementor-spacer-inner\"><\/div>\n\t\t<\/div>\n\t\t\t\t\t\t<\/div>\n\t\t\t\t<\/div>\n\t\t\t\t<div class=\"elementor-element elementor-element-8e42423 elementor-widget elementor-widget-text-editor\" data-id=\"8e42423\" data-element_type=\"widget\" data-e-type=\"widget\" data-widget_type=\"text-editor.default\">\n\t\t\t\t<div class=\"elementor-widget-container\">\n\t\t\t\t\t\t\t\t\t<p><strong><span style=\"color: #375ca3;\">Desmuntatge manual<\/span><\/strong><\/p>\n\t\t\t\t\t\t\t\t<\/div>\n\t\t\t\t<\/div>\n\t\t\t\t<div class=\"elementor-element elementor-element-5de47a9 elementor-widget elementor-widget-heading\" data-id=\"5de47a9\" data-element_type=\"widget\" data-e-type=\"widget\" data-widget_type=\"heading.default\">\n\t\t\t\t<div class=\"elementor-widget-container\">\n\t\t\t\t\t<h1 class=\"elementor-heading-title elementor-size-default\">Desmuntatge manual i recuperaci\u00f3 de materials\n<\/h1>\t\t\t\t<\/div>\n\t\t\t\t<\/div>\n\t\t\t\t<\/div>\n\t\t<div class=\"elementor-element elementor-element-d6ce29e e-con-full e-flex parallax_section_no qode_elementor_container_no e-con e-parent\" data-id=\"d6ce29e\" data-element_type=\"container\" data-e-type=\"container\" data-settings=\"{&quot;background_background&quot;:&quot;classic&quot;}\">\n\t\t<div class=\"elementor-element elementor-element-616f6a4 e-con-full e-flex parallax_section_no qode_elementor_container_no e-con e-child\" data-id=\"616f6a4\" data-element_type=\"container\" data-e-type=\"container\">\n\t\t\t\t<div class=\"elementor-element elementor-element-91b40f5 elementor-widget elementor-widget-heading\" data-id=\"91b40f5\" data-element_type=\"widget\" data-e-type=\"widget\" data-widget_type=\"heading.default\">\n\t\t\t\t<div class=\"elementor-widget-container\">\n\t\t\t\t\t<h2 class=\"elementor-heading-title elementor-size-default\">Desmuntatge manual.<\/h2>\t\t\t\t<\/div>\n\t\t\t\t<\/div>\n\t\t\t\t<\/div>\n\t\t<div class=\"elementor-element elementor-element-0fa0a37 e-con-full e-flex parallax_section_no qode_elementor_container_no e-con e-child\" data-id=\"0fa0a37\" data-element_type=\"container\" data-e-type=\"container\">\n\t\t\t\t<div class=\"elementor-element elementor-element-8629c29 elementor-widget elementor-widget-text-editor\" data-id=\"8629c29\" data-element_type=\"widget\" data-e-type=\"widget\" data-widget_type=\"text-editor.default\">\n\t\t\t\t<div class=\"elementor-widget-container\">\n\t\t\t\t\t\t\t\t\t<p>Per tal d\u2019aprofitar al m\u00e0xim els diferents materials que componen RAEE, necessiten desmuntatge manual, com ara m\u00e0quines recreatives, impressores, pantalles o torres d\u2019ordinador entre d\u2019altres.<\/p>\n<p>Aquest proc\u00e9s requereix de m\u00e0quines especialitzades que ajuden els operadors a treballar de forma segura, r\u00e0pida i r\u00e0pida. El desmuntatge manual permet segregar els diferents components des de l\u2019inici de la cadena.<\/p>\n\t\t\t\t\t\t\t\t<\/div>\n\t\t\t\t<\/div>\n\t\t\t\t<div class=\"elementor-element elementor-element-bd057bb elementor-widget elementor-widget-video\" data-id=\"bd057bb\" data-element_type=\"widget\" data-e-type=\"widget\" data-settings=\"{&quot;youtube_url&quot;:&quot;https:\\\/\\\/youtu.be\\\/Bj5hBqBUZxQ&quot;,&quot;video_type&quot;:&quot;youtube&quot;,&quot;controls&quot;:&quot;yes&quot;}\" data-widget_type=\"video.default\">\n\t\t\t\t<div class=\"elementor-widget-container\">\n\t\t\t\t\t\t\t<div class=\"elementor-wrapper elementor-open-inline\">\n\t\t\t<div class=\"elementor-video\"><\/div>\t\t<\/div>\n\t\t\t\t\t\t<\/div>\n\t\t\t\t<\/div>\n\t\t\t\t<\/div>\n\t\t\t\t<\/div>\n\t\t\t\t<\/div>\n\t\t","protected":false},"excerpt":{"rendered":"<p>Desmuntatge manual Desmuntatge manual i recuperaci\u00f3 de materials Desmuntatge manual. Per tal d\u2019aprofitar al m\u00e0xim els diferents materials que componen RAEE, necessiten desmuntatge manual, com ara m\u00e0quines recreatives, impressores, pantalles o torres d\u2019ordinador entre d\u2019altres. Aquest proc\u00e9s requereix de m\u00e0quines especialitzades que ajuden els operadors&#8230;<\/p>\n","protected":false},"author":5,"featured_media":0,"parent":3303,"menu_order":0,"comment_status":"closed","ping_status":"closed","template":"","meta":{"content-type":"","_lmt_disableupdate":"","_lmt_disable":"","footnotes":""},"class_list":["post-3317","page","type-page","status-publish","hentry"],"_links":{"self":[{"href":"https:\/\/acsrecycling.es\/ca\/wp-json\/wp\/v2\/pages\/3317","targetHints":{"allow":["GET"]}}],"collection":[{"href":"https:\/\/acsrecycling.es\/ca\/wp-json\/wp\/v2\/pages"}],"about":[{"href":"https:\/\/acsrecycling.es\/ca\/wp-json\/wp\/v2\/types\/page"}],"author":[{"embeddable":true,"href":"https:\/\/acsrecycling.es\/ca\/wp-json\/wp\/v2\/users\/5"}],"replies":[{"embeddable":true,"href":"https:\/\/acsrecycling.es\/ca\/wp-json\/wp\/v2\/comments?post=3317"}],"version-history":[{"count":10,"href":"https:\/\/acsrecycling.es\/ca\/wp-json\/wp\/v2\/pages\/3317\/revisions"}],"predecessor-version":[{"id":25432,"href":"https:\/\/acsrecycling.es\/ca\/wp-json\/wp\/v2\/pages\/3317\/revisions\/25432"}],"up":[{"embeddable":true,"href":"https:\/\/acsrecycling.es\/ca\/wp-json\/wp\/v2\/pages\/3303"}],"wp:attachment":[{"href":"https:\/\/acsrecycling.es\/ca\/wp-json\/wp\/v2\/media?parent=3317"}],"curies":[{"name":"wp","href":"https:\/\/api.w.org\/{rel}","templated":true}]}}