{"id":3319,"date":"2023-12-28T11:42:28","date_gmt":"2023-12-28T11:42:28","guid":{"rendered":"https:\/\/321brand.com\/acrecycling\/com-ho-fem\/tractament-mecanic\/"},"modified":"2025-11-15T04:58:29","modified_gmt":"2025-11-15T04:58:29","slug":"tractament-mecanic","status":"publish","type":"page","link":"https:\/\/acsrecycling.es\/ca\/com-ho-fem\/tractament-mecanic\/","title":{"rendered":"Tractament mec\u00e0nic"},"content":{"rendered":"\t\t<div data-elementor-type=\"wp-page\" data-elementor-id=\"3319\" class=\"elementor elementor-3319 elementor-696\" data-elementor-post-type=\"page\">\n\t\t\t\t<div class=\"elementor-element elementor-element-ebf1a40 e-con-full e-flex parallax_section_no qode_elementor_container_no e-con e-parent\" data-id=\"ebf1a40\" data-element_type=\"container\" data-e-type=\"container\" data-settings=\"{&quot;background_background&quot;:&quot;classic&quot;}\">\n\t\t\t\t<div class=\"elementor-element elementor-element-f98f1df elementor-widget elementor-widget-spacer\" data-id=\"f98f1df\" data-element_type=\"widget\" data-e-type=\"widget\" data-widget_type=\"spacer.default\">\n\t\t\t\t<div class=\"elementor-widget-container\">\n\t\t\t\t\t\t\t<div class=\"elementor-spacer\">\n\t\t\t<div class=\"elementor-spacer-inner\"><\/div>\n\t\t<\/div>\n\t\t\t\t\t\t<\/div>\n\t\t\t\t<\/div>\n\t\t\t\t<div class=\"elementor-element elementor-element-8e42423 elementor-widget elementor-widget-text-editor\" data-id=\"8e42423\" data-element_type=\"widget\" data-e-type=\"widget\" data-widget_type=\"text-editor.default\">\n\t\t\t\t<div class=\"elementor-widget-container\">\n\t\t\t\t\t\t\t\t\t<p><strong><span style=\"color: #375ca3;\">Tractament mec\u00e0nic<\/span><\/strong><\/p>\n\t\t\t\t\t\t\t\t<\/div>\n\t\t\t\t<\/div>\n\t\t\t\t<div class=\"elementor-element elementor-element-5de47a9 elementor-widget elementor-widget-heading\" data-id=\"5de47a9\" data-element_type=\"widget\" data-e-type=\"widget\" data-widget_type=\"heading.default\">\n\t\t\t\t<div class=\"elementor-widget-container\">\n\t\t\t\t\t<h1 class=\"elementor-heading-title elementor-size-default\">Tractament mec\u00e0nic de residus electr\u00f2nics\n<\/h1>\t\t\t\t<\/div>\n\t\t\t\t<\/div>\n\t\t\t\t<\/div>\n\t\t<div class=\"elementor-element elementor-element-d6ce29e e-con-full e-flex parallax_section_no qode_elementor_container_no e-con e-parent\" data-id=\"d6ce29e\" data-element_type=\"container\" data-e-type=\"container\" data-settings=\"{&quot;background_background&quot;:&quot;classic&quot;}\">\n\t\t<div class=\"elementor-element elementor-element-616f6a4 e-con-full e-flex parallax_section_no qode_elementor_container_no e-con e-child\" data-id=\"616f6a4\" data-element_type=\"container\" data-e-type=\"container\">\n\t\t\t\t<div class=\"elementor-element elementor-element-91b40f5 elementor-widget elementor-widget-heading\" data-id=\"91b40f5\" data-element_type=\"widget\" data-e-type=\"widget\" data-widget_type=\"heading.default\">\n\t\t\t\t<div class=\"elementor-widget-container\">\n\t\t\t\t\t<h2 class=\"elementor-heading-title elementor-size-default\">Tractament mec\u00e0nic.<\/h2>\t\t\t\t<\/div>\n\t\t\t\t<\/div>\n\t\t\t\t<div class=\"elementor-element elementor-element-770b0ef elementor-widget elementor-widget-spacer\" data-id=\"770b0ef\" data-element_type=\"widget\" data-e-type=\"widget\" data-widget_type=\"spacer.default\">\n\t\t\t\t<div class=\"elementor-widget-container\">\n\t\t\t\t\t\t\t<div class=\"elementor-spacer\">\n\t\t\t<div class=\"elementor-spacer-inner\"><\/div>\n\t\t<\/div>\n\t\t\t\t\t\t<\/div>\n\t\t\t\t<\/div>\n\t\t\t\t<div class=\"elementor-element elementor-element-d63453e elementor-widget elementor-widget-image\" data-id=\"d63453e\" data-element_type=\"widget\" data-e-type=\"widget\" data-widget_type=\"image.default\">\n\t\t\t\t<div class=\"elementor-widget-container\">\n\t\t\t\t\t\t\t\t\t\t\t\t\t\t\t<img fetchpriority=\"high\" decoding=\"async\" width=\"411\" height=\"252\" src=\"https:\/\/acsrecycling.es\/wp-content\/uploads\/2024\/07\/tratamiento-mecanico.jpg\" class=\"attachment-full size-full wp-image-21055\" alt=\"tratamiento-mecanico\" srcset=\"https:\/\/acsrecycling.es\/wp-content\/uploads\/2024\/07\/tratamiento-mecanico.jpg 411w, https:\/\/acsrecycling.es\/wp-content\/uploads\/2024\/07\/tratamiento-mecanico-300x184.jpg 300w\" sizes=\"(max-width: 411px) 100vw, 411px\" \/>\t\t\t\t\t\t\t\t\t\t\t\t\t\t\t<\/div>\n\t\t\t\t<\/div>\n\t\t\t\t<\/div>\n\t\t<div class=\"elementor-element elementor-element-0fa0a37 e-con-full e-flex parallax_section_no qode_elementor_container_no e-con e-child\" data-id=\"0fa0a37\" data-element_type=\"container\" data-e-type=\"container\">\n\t\t\t\t<div class=\"elementor-element elementor-element-8629c29 elementor-widget elementor-widget-text-editor\" data-id=\"8629c29\" data-element_type=\"widget\" data-e-type=\"widget\" data-widget_type=\"text-editor.default\">\n\t\t\t\t<div class=\"elementor-widget-container\">\n\t\t\t\t\t\t\t\t\t<p>A ACS Recycling disposem de maquin\u00e0ria d\u2019\u00faltima generaci\u00f3 per a la <strong>separaci\u00f3 i segregaci\u00f3 de RAEE.<\/strong> Partint de la trituraci\u00f3 dels circuits impresos o PCB, el nostre mecanisme permet separar i recuperar coure aix\u00ed com altres metalls de la fibra de vidre, el residu principal generat pel proc\u00e9s.<\/p>\n<p>Els residus que no es desmunten manualment, passen a trav\u00e9s d\u2019una m\u00e0quina que \u00e9s responsable, a trav\u00e9s d\u2019un proc\u00e9s de martells, corretges corredisses, imants i segregaci\u00f3 manual, separen les diferents mat\u00e8ries primeres que componen els residus; pl\u00e0stics, ferrosos, no ferrosos, aix\u00ed com els circuits impresos que componen WEEE\/PAE (petits aparells electrodom\u00e8stics). Aquesta maquin\u00e0ria ens permet tractar, correctament, grans volums de RAEE.<\/p>\n<p>D\u2019altra banda, tot el cable que hem obtingut del nostre proc\u00e9s de classificaci\u00f3, \u00e9s tractat per una m\u00e0quina que aixella i separa les mat\u00e8ries primeres que componen un cable.<\/p>\n\t\t\t\t\t\t\t\t<\/div>\n\t\t\t\t<\/div>\n\t\t\t\t<div class=\"elementor-element elementor-element-bd057bb elementor-widget elementor-widget-video\" data-id=\"bd057bb\" data-element_type=\"widget\" data-e-type=\"widget\" data-settings=\"{&quot;youtube_url&quot;:&quot;https:\\\/\\\/youtu.be\\\/orjTAo0SFSM&quot;,&quot;loop&quot;:&quot;yes&quot;,&quot;video_type&quot;:&quot;youtube&quot;}\" data-widget_type=\"video.default\">\n\t\t\t\t<div class=\"elementor-widget-container\">\n\t\t\t\t\t\t\t<div class=\"elementor-wrapper elementor-open-inline\">\n\t\t\t<div class=\"elementor-video\"><\/div>\t\t<\/div>\n\t\t\t\t\t\t<\/div>\n\t\t\t\t<\/div>\n\t\t\t\t<\/div>\n\t\t\t\t<\/div>\n\t\t\t\t<\/div>\n\t\t","protected":false},"excerpt":{"rendered":"<p>Tractament mec\u00e0nic Tractament mec\u00e0nic de residus electr\u00f2nics Tractament mec\u00e0nic. A ACS Recycling disposem de maquin\u00e0ria d\u2019\u00faltima generaci\u00f3 per a la separaci\u00f3 i segregaci\u00f3 de RAEE. Partint de la trituraci\u00f3 dels circuits impresos o PCB, el nostre mecanisme permet separar i recuperar coure aix\u00ed com altres&#8230;<\/p>\n","protected":false},"author":5,"featured_media":0,"parent":3303,"menu_order":0,"comment_status":"closed","ping_status":"closed","template":"","meta":{"content-type":"","_lmt_disableupdate":"","_lmt_disable":"","footnotes":""},"class_list":["post-3319","page","type-page","status-publish","hentry"],"_links":{"self":[{"href":"https:\/\/acsrecycling.es\/ca\/wp-json\/wp\/v2\/pages\/3319","targetHints":{"allow":["GET"]}}],"collection":[{"href":"https:\/\/acsrecycling.es\/ca\/wp-json\/wp\/v2\/pages"}],"about":[{"href":"https:\/\/acsrecycling.es\/ca\/wp-json\/wp\/v2\/types\/page"}],"author":[{"embeddable":true,"href":"https:\/\/acsrecycling.es\/ca\/wp-json\/wp\/v2\/users\/5"}],"replies":[{"embeddable":true,"href":"https:\/\/acsrecycling.es\/ca\/wp-json\/wp\/v2\/comments?post=3319"}],"version-history":[{"count":10,"href":"https:\/\/acsrecycling.es\/ca\/wp-json\/wp\/v2\/pages\/3319\/revisions"}],"predecessor-version":[{"id":25413,"href":"https:\/\/acsrecycling.es\/ca\/wp-json\/wp\/v2\/pages\/3319\/revisions\/25413"}],"up":[{"embeddable":true,"href":"https:\/\/acsrecycling.es\/ca\/wp-json\/wp\/v2\/pages\/3303"}],"wp:attachment":[{"href":"https:\/\/acsrecycling.es\/ca\/wp-json\/wp\/v2\/media?parent=3319"}],"curies":[{"name":"wp","href":"https:\/\/api.w.org\/{rel}","templated":true}]}}