{"id":3327,"date":"2023-12-28T12:58:46","date_gmt":"2023-12-28T12:58:46","guid":{"rendered":"https:\/\/321brand.com\/acrecycling\/com-ho-fem\/components\/"},"modified":"2025-11-15T05:11:17","modified_gmt":"2025-11-15T05:11:17","slug":"components","status":"publish","type":"page","link":"https:\/\/acsrecycling.es\/ca\/com-ho-fem\/components\/","title":{"rendered":"Components"},"content":{"rendered":"\t\t<div data-elementor-type=\"wp-page\" data-elementor-id=\"3327\" class=\"elementor elementor-3327 elementor-735\" data-elementor-post-type=\"page\">\n\t\t\t\t<div class=\"elementor-element elementor-element-ebf1a40 e-con-full e-flex parallax_section_no qode_elementor_container_no e-con e-parent\" data-id=\"ebf1a40\" data-element_type=\"container\" data-e-type=\"container\" data-settings=\"{&quot;background_background&quot;:&quot;classic&quot;}\">\n\t\t\t\t<div class=\"elementor-element elementor-element-f98f1df elementor-widget elementor-widget-spacer\" data-id=\"f98f1df\" data-element_type=\"widget\" data-e-type=\"widget\" data-widget_type=\"spacer.default\">\n\t\t\t\t<div class=\"elementor-widget-container\">\n\t\t\t\t\t\t\t<div class=\"elementor-spacer\">\n\t\t\t<div class=\"elementor-spacer-inner\"><\/div>\n\t\t<\/div>\n\t\t\t\t\t\t<\/div>\n\t\t\t\t<\/div>\n\t\t\t\t<div class=\"elementor-element elementor-element-8e42423 elementor-widget elementor-widget-text-editor\" data-id=\"8e42423\" data-element_type=\"widget\" data-e-type=\"widget\" data-widget_type=\"text-editor.default\">\n\t\t\t\t<div class=\"elementor-widget-container\">\n\t\t\t\t\t\t\t\t\t<p><strong><span style=\"color: #375ca3;\">Components<\/span><\/strong><\/p>\n\t\t\t\t\t\t\t\t<\/div>\n\t\t\t\t<\/div>\n\t\t\t\t<div class=\"elementor-element elementor-element-5de47a9 elementor-widget elementor-widget-heading\" data-id=\"5de47a9\" data-element_type=\"widget\" data-e-type=\"widget\" data-widget_type=\"heading.default\">\n\t\t\t\t<div class=\"elementor-widget-container\">\n\t\t\t\t\t<h1 class=\"elementor-heading-title elementor-size-default\">Materials reciclats i reutilitzats\n<\/h1>\t\t\t\t<\/div>\n\t\t\t\t<\/div>\n\t\t\t\t<\/div>\n\t\t<div class=\"elementor-element elementor-element-d6ce29e e-con-full e-flex parallax_section_no qode_elementor_container_no e-con e-parent\" data-id=\"d6ce29e\" data-element_type=\"container\" data-e-type=\"container\" data-settings=\"{&quot;background_background&quot;:&quot;classic&quot;}\">\n\t\t<div class=\"elementor-element elementor-element-616f6a4 e-con-full e-flex parallax_section_no qode_elementor_container_no e-con e-child\" data-id=\"616f6a4\" data-element_type=\"container\" data-e-type=\"container\">\n\t\t\t\t<div class=\"elementor-element elementor-element-91b40f5 elementor-widget elementor-widget-heading\" data-id=\"91b40f5\" data-element_type=\"widget\" data-e-type=\"widget\" data-widget_type=\"heading.default\">\n\t\t\t\t<div class=\"elementor-widget-container\">\n\t\t\t\t\t<h2 class=\"elementor-heading-title elementor-size-default\">Centre d'aparells el\u00e8ctrics i electr\u00f2nics<\/h2>\t\t\t\t<\/div>\n\t\t\t\t<\/div>\n\t\t\t\t<\/div>\n\t\t<div class=\"elementor-element elementor-element-0fa0a37 e-con-full e-flex parallax_section_no qode_elementor_container_no e-con e-child\" data-id=\"0fa0a37\" data-element_type=\"container\" data-e-type=\"container\">\n\t\t\t\t<div class=\"elementor-element elementor-element-8629c29 elementor-widget elementor-widget-text-editor\" data-id=\"8629c29\" data-element_type=\"widget\" data-e-type=\"widget\" data-widget_type=\"text-editor.default\">\n\t\t\t\t<div class=\"elementor-widget-container\">\n\t\t\t\t\t\t\t\t\t<p>Els components que s\u2019obtenen del proc\u00e9s de processament; plaques, discos durs, disquets, etc. s\u2019emmagatzemen per a la seva posterior venda i tractament.<\/p>\n<p>D\u2019aquesta manera, es converteixen en mat\u00e8ries primeres i es reintrodueixen en el mercat. La placa de circuit impr\u00e8s, o PCB, \u00e9s el component com\u00fa que gaireb\u00e9 tots els RAEE t\u00e9.<\/p>\n\t\t\t\t\t\t\t\t<\/div>\n\t\t\t\t<\/div>\n\t\t\t\t<div class=\"elementor-element elementor-element-bd057bb elementor-widget elementor-widget-video\" data-id=\"bd057bb\" data-element_type=\"widget\" data-e-type=\"widget\" data-settings=\"{&quot;youtube_url&quot;:&quot;https:\\\/\\\/youtu.be\\\/Si6DjmfGTJ4&quot;,&quot;video_type&quot;:&quot;youtube&quot;,&quot;controls&quot;:&quot;yes&quot;}\" data-widget_type=\"video.default\">\n\t\t\t\t<div class=\"elementor-widget-container\">\n\t\t\t\t\t\t\t<div class=\"elementor-wrapper elementor-open-inline\">\n\t\t\t<div class=\"elementor-video\"><\/div>\t\t<\/div>\n\t\t\t\t\t\t<\/div>\n\t\t\t\t<\/div>\n\t\t\t\t<\/div>\n\t\t\t\t<\/div>\n\t\t<div class=\"elementor-element elementor-element-e8c5159 e-con-full e-flex parallax_section_no qode_elementor_container_no e-con e-parent\" data-id=\"e8c5159\" data-element_type=\"container\" data-e-type=\"container\" data-settings=\"{&quot;background_background&quot;:&quot;classic&quot;}\">\n\t\t\t\t<div class=\"elementor-element elementor-element-437c42f elementor-widget elementor-widget-image\" data-id=\"437c42f\" data-element_type=\"widget\" data-e-type=\"widget\" data-widget_type=\"image.default\">\n\t\t\t\t<div class=\"elementor-widget-container\">\n\t\t\t\t\t\t\t\t\t\t\t\t\t\t\t<img fetchpriority=\"high\" decoding=\"async\" width=\"1920\" height=\"750\" src=\"https:\/\/acsrecycling.es\/wp-content\/uploads\/2024\/07\/Centro-de-aparatos-electricos-y-electronicos.jpg\" class=\"attachment-full size-full wp-image-21076\" alt=\"Centro-de-aparatos-electricos-y-electronicos\" srcset=\"https:\/\/acsrecycling.es\/wp-content\/uploads\/2024\/07\/Centro-de-aparatos-electricos-y-electronicos.jpg 1920w, https:\/\/acsrecycling.es\/wp-content\/uploads\/2024\/07\/Centro-de-aparatos-electricos-y-electronicos-300x117.jpg 300w, https:\/\/acsrecycling.es\/wp-content\/uploads\/2024\/07\/Centro-de-aparatos-electricos-y-electronicos-1024x400.jpg 1024w, https:\/\/acsrecycling.es\/wp-content\/uploads\/2024\/07\/Centro-de-aparatos-electricos-y-electronicos-768x300.jpg 768w, https:\/\/acsrecycling.es\/wp-content\/uploads\/2024\/07\/Centro-de-aparatos-electricos-y-electronicos-1536x600.jpg 1536w, https:\/\/acsrecycling.es\/wp-content\/uploads\/2024\/07\/Centro-de-aparatos-electricos-y-electronicos-700x273.jpg 700w\" sizes=\"(max-width: 1920px) 100vw, 1920px\" \/>\t\t\t\t\t\t\t\t\t\t\t\t\t\t\t<\/div>\n\t\t\t\t<\/div>\n\t\t\t\t<\/div>\n\t\t\t\t<\/div>\n\t\t","protected":false},"excerpt":{"rendered":"<p>Components Materials reciclats i reutilitzats Centre d&#8217;aparells el\u00e8ctrics i electr\u00f2nics Els components que s\u2019obtenen del proc\u00e9s de processament; plaques, discos durs, disquets, etc. s\u2019emmagatzemen per a la seva posterior venda i tractament. D\u2019aquesta manera, es converteixen en mat\u00e8ries primeres i es reintrodueixen en el mercat&#8230;.<\/p>\n","protected":false},"author":5,"featured_media":0,"parent":3303,"menu_order":0,"comment_status":"closed","ping_status":"closed","template":"","meta":{"content-type":"","_lmt_disableupdate":"","_lmt_disable":"","footnotes":""},"class_list":["post-3327","page","type-page","status-publish","hentry"],"_links":{"self":[{"href":"https:\/\/acsrecycling.es\/ca\/wp-json\/wp\/v2\/pages\/3327","targetHints":{"allow":["GET"]}}],"collection":[{"href":"https:\/\/acsrecycling.es\/ca\/wp-json\/wp\/v2\/pages"}],"about":[{"href":"https:\/\/acsrecycling.es\/ca\/wp-json\/wp\/v2\/types\/page"}],"author":[{"embeddable":true,"href":"https:\/\/acsrecycling.es\/ca\/wp-json\/wp\/v2\/users\/5"}],"replies":[{"embeddable":true,"href":"https:\/\/acsrecycling.es\/ca\/wp-json\/wp\/v2\/comments?post=3327"}],"version-history":[{"count":10,"href":"https:\/\/acsrecycling.es\/ca\/wp-json\/wp\/v2\/pages\/3327\/revisions"}],"predecessor-version":[{"id":25439,"href":"https:\/\/acsrecycling.es\/ca\/wp-json\/wp\/v2\/pages\/3327\/revisions\/25439"}],"up":[{"embeddable":true,"href":"https:\/\/acsrecycling.es\/ca\/wp-json\/wp\/v2\/pages\/3303"}],"wp:attachment":[{"href":"https:\/\/acsrecycling.es\/ca\/wp-json\/wp\/v2\/media?parent=3327"}],"curies":[{"name":"wp","href":"https:\/\/api.w.org\/{rel}","templated":true}]}}