{"id":3329,"date":"2023-12-28T14:08:47","date_gmt":"2023-12-28T14:08:47","guid":{"rendered":"https:\/\/321brand.com\/acrecycling\/com-ho-fem\/materies-primeres\/"},"modified":"2025-11-15T04:52:47","modified_gmt":"2025-11-15T04:52:47","slug":"materies-primeres","status":"publish","type":"page","link":"https:\/\/acsrecycling.es\/ca\/com-ho-fem\/materies-primeres\/","title":{"rendered":"Mat\u00e8ries primeres"},"content":{"rendered":"\t\t<div data-elementor-type=\"wp-page\" data-elementor-id=\"3329\" class=\"elementor elementor-3329 elementor-756\" data-elementor-post-type=\"page\">\n\t\t\t\t<div class=\"elementor-element elementor-element-ebf1a40 e-con-full e-flex parallax_section_no qode_elementor_container_no e-con e-parent\" data-id=\"ebf1a40\" data-element_type=\"container\" data-e-type=\"container\" data-settings=\"{&quot;background_background&quot;:&quot;classic&quot;}\">\n\t\t\t\t<div class=\"elementor-element elementor-element-f98f1df elementor-widget elementor-widget-spacer\" data-id=\"f98f1df\" data-element_type=\"widget\" data-e-type=\"widget\" data-widget_type=\"spacer.default\">\n\t\t\t\t<div class=\"elementor-widget-container\">\n\t\t\t\t\t\t\t<div class=\"elementor-spacer\">\n\t\t\t<div class=\"elementor-spacer-inner\"><\/div>\n\t\t<\/div>\n\t\t\t\t\t\t<\/div>\n\t\t\t\t<\/div>\n\t\t\t\t<div class=\"elementor-element elementor-element-8e42423 elementor-widget elementor-widget-text-editor\" data-id=\"8e42423\" data-element_type=\"widget\" data-e-type=\"widget\" data-widget_type=\"text-editor.default\">\n\t\t\t\t<div class=\"elementor-widget-container\">\n\t\t\t\t\t\t\t\t\t<p><strong><span style=\"color: #375ca3;\">Mat\u00e8ries primeres<\/span><\/strong><\/p>\n\t\t\t\t\t\t\t\t<\/div>\n\t\t\t\t<\/div>\n\t\t\t\t<div class=\"elementor-element elementor-element-5de47a9 elementor-widget elementor-widget-heading\" data-id=\"5de47a9\" data-element_type=\"widget\" data-e-type=\"widget\" data-widget_type=\"heading.default\">\n\t\t\t\t<div class=\"elementor-widget-container\">\n\t\t\t\t\t<h1 class=\"elementor-heading-title elementor-size-default\">Gesti\u00f3 de mat\u00e8ries primeres recuperades\n<\/h1>\t\t\t\t<\/div>\n\t\t\t\t<\/div>\n\t\t\t\t<\/div>\n\t\t<div class=\"elementor-element elementor-element-d6ce29e e-con-full e-flex parallax_section_no qode_elementor_container_no e-con e-parent\" data-id=\"d6ce29e\" data-element_type=\"container\" data-e-type=\"container\" data-settings=\"{&quot;background_background&quot;:&quot;classic&quot;}\">\n\t\t<div class=\"elementor-element elementor-element-616f6a4 e-con-full e-flex parallax_section_no qode_elementor_container_no e-con e-child\" data-id=\"616f6a4\" data-element_type=\"container\" data-e-type=\"container\">\n\t\t\t\t<div class=\"elementor-element elementor-element-91b40f5 elementor-widget elementor-widget-heading\" data-id=\"91b40f5\" data-element_type=\"widget\" data-e-type=\"widget\" data-widget_type=\"heading.default\">\n\t\t\t\t<div class=\"elementor-widget-container\">\n\t\t\t\t\t<h2 class=\"elementor-heading-title elementor-size-default\">Mat\u00e8ries primeres.<\/h2>\t\t\t\t<\/div>\n\t\t\t\t<\/div>\n\t\t\t\t<\/div>\n\t\t<div class=\"elementor-element elementor-element-0fa0a37 e-con-full e-flex parallax_section_no qode_elementor_container_no e-con e-child\" data-id=\"0fa0a37\" data-element_type=\"container\" data-e-type=\"container\">\n\t\t\t\t<div class=\"elementor-element elementor-element-8629c29 elementor-widget elementor-widget-text-editor\" data-id=\"8629c29\" data-element_type=\"widget\" data-e-type=\"widget\" data-widget_type=\"text-editor.default\">\n\t\t\t\t<div class=\"elementor-widget-container\">\n\t\t\t\t\t\t\t\t\t<div class=\"column-bg-overlay-wrap\" data-bg-animation=\"none\">\n<div class=\"column-bg-overlay\">\n<p class=\"p1\"><span class=\"s1\">Una vegada finalitzat el proc\u00e9s de tractament dels RAEE, la mat\u00e8ria primera pot ser molt variada en funci\u00f3 del tipus de RAEE gestionat, com ara el ferro, la fusta, el pl\u00e0stic, l\u2019alumini, el coure, etc.<\/span><\/p>\n<p class=\"p1\"><span class=\"s1\">Aquests s\u2019envien al tractament que a trav\u00e9s de diferents processos tanquen el cercle de reciclatge. <\/span><\/p>\n<\/div>\n<\/div>\n\t\t\t\t\t\t\t\t<\/div>\n\t\t\t\t<\/div>\n\t\t\t\t<div class=\"elementor-element elementor-element-bd057bb elementor-widget elementor-widget-video\" data-id=\"bd057bb\" data-element_type=\"widget\" data-e-type=\"widget\" data-settings=\"{&quot;youtube_url&quot;:&quot;https:\\\/\\\/youtu.be\\\/pkfMShWDphM&quot;,&quot;loop&quot;:&quot;yes&quot;,&quot;video_type&quot;:&quot;youtube&quot;}\" data-widget_type=\"video.default\">\n\t\t\t\t<div class=\"elementor-widget-container\">\n\t\t\t\t\t\t\t<div class=\"elementor-wrapper elementor-open-inline\">\n\t\t\t<div class=\"elementor-video\"><\/div>\t\t<\/div>\n\t\t\t\t\t\t<\/div>\n\t\t\t\t<\/div>\n\t\t\t\t<\/div>\n\t\t\t\t<\/div>\n\t\t<div class=\"elementor-element elementor-element-58c882e e-con-full e-flex parallax_section_no qode_elementor_container_no e-con e-parent\" data-id=\"58c882e\" data-element_type=\"container\" data-e-type=\"container\" data-settings=\"{&quot;background_background&quot;:&quot;classic&quot;}\">\n\t\t\t\t<div class=\"elementor-element elementor-element-4a693c6 elementor-widget elementor-widget-image\" data-id=\"4a693c6\" data-element_type=\"widget\" data-e-type=\"widget\" data-widget_type=\"image.default\">\n\t\t\t\t<div class=\"elementor-widget-container\">\n\t\t\t\t\t\t\t\t\t\t\t\t\t\t\t<img fetchpriority=\"high\" decoding=\"async\" width=\"1920\" height=\"750\" src=\"https:\/\/acsrecycling.es\/wp-content\/uploads\/2024\/07\/Materias-primas-ACS-Recycling.jpg\" class=\"attachment-full size-full wp-image-21087\" alt=\"Materias-primas-ACS-Recycling\" srcset=\"https:\/\/acsrecycling.es\/wp-content\/uploads\/2024\/07\/Materias-primas-ACS-Recycling.jpg 1920w, https:\/\/acsrecycling.es\/wp-content\/uploads\/2024\/07\/Materias-primas-ACS-Recycling-300x117.jpg 300w, https:\/\/acsrecycling.es\/wp-content\/uploads\/2024\/07\/Materias-primas-ACS-Recycling-1024x400.jpg 1024w, https:\/\/acsrecycling.es\/wp-content\/uploads\/2024\/07\/Materias-primas-ACS-Recycling-768x300.jpg 768w, https:\/\/acsrecycling.es\/wp-content\/uploads\/2024\/07\/Materias-primas-ACS-Recycling-1536x600.jpg 1536w, https:\/\/acsrecycling.es\/wp-content\/uploads\/2024\/07\/Materias-primas-ACS-Recycling-700x273.jpg 700w\" sizes=\"(max-width: 1920px) 100vw, 1920px\" \/>\t\t\t\t\t\t\t\t\t\t\t\t\t\t\t<\/div>\n\t\t\t\t<\/div>\n\t\t\t\t<\/div>\n\t\t\t\t<\/div>\n\t\t","protected":false},"excerpt":{"rendered":"<p>Mat\u00e8ries primeres Mat\u00e8ries primeres. Mat\u00e8ries primeres. Una vegada finalitzat el proc\u00e9s de tractament dels RAEE, la mat\u00e8ria primera pot ser molt variada en funci\u00f3 del tipus de RAEE gestionat, com ara el ferro, la fusta, el pl\u00e0stic, l\u2019alumini, el coure, etc. Aquests s\u2019envien al tractament&#8230;<\/p>\n","protected":false},"author":5,"featured_media":0,"parent":3303,"menu_order":0,"comment_status":"closed","ping_status":"closed","template":"","meta":{"content-type":"","_lmt_disableupdate":"","_lmt_disable":"","footnotes":""},"class_list":["post-3329","page","type-page","status-publish","hentry"],"_links":{"self":[{"href":"https:\/\/acsrecycling.es\/ca\/wp-json\/wp\/v2\/pages\/3329","targetHints":{"allow":["GET"]}}],"collection":[{"href":"https:\/\/acsrecycling.es\/ca\/wp-json\/wp\/v2\/pages"}],"about":[{"href":"https:\/\/acsrecycling.es\/ca\/wp-json\/wp\/v2\/types\/page"}],"author":[{"embeddable":true,"href":"https:\/\/acsrecycling.es\/ca\/wp-json\/wp\/v2\/users\/5"}],"replies":[{"embeddable":true,"href":"https:\/\/acsrecycling.es\/ca\/wp-json\/wp\/v2\/comments?post=3329"}],"version-history":[{"count":10,"href":"https:\/\/acsrecycling.es\/ca\/wp-json\/wp\/v2\/pages\/3329\/revisions"}],"predecessor-version":[{"id":25392,"href":"https:\/\/acsrecycling.es\/ca\/wp-json\/wp\/v2\/pages\/3329\/revisions\/25392"}],"up":[{"embeddable":true,"href":"https:\/\/acsrecycling.es\/ca\/wp-json\/wp\/v2\/pages\/3303"}],"wp:attachment":[{"href":"https:\/\/acsrecycling.es\/ca\/wp-json\/wp\/v2\/media?parent=3329"}],"curies":[{"name":"wp","href":"https:\/\/api.w.org\/{rel}","templated":true}]}}