{"id":3349,"date":"2024-01-03T12:55:37","date_gmt":"2024-01-03T12:55:37","guid":{"rendered":"https:\/\/321brand.com\/acrecycling\/sollicita-informacio\/"},"modified":"2025-11-15T04:54:31","modified_gmt":"2025-11-15T04:54:31","slug":"sollicita-informacio","status":"publish","type":"page","link":"https:\/\/acsrecycling.es\/ca\/sollicita-informacio\/","title":{"rendered":"Sol\u00b7licita informaci\u00f3"},"content":{"rendered":"\t\t<div data-elementor-type=\"wp-page\" data-elementor-id=\"3349\" class=\"elementor elementor-3349 elementor-1293\" data-elementor-post-type=\"page\">\n\t\t\t\t<div class=\"elementor-element elementor-element-ebf1a40 e-con-full e-flex parallax_section_no qode_elementor_container_no e-con e-parent\" data-id=\"ebf1a40\" data-element_type=\"container\" data-e-type=\"container\" data-settings=\"{&quot;background_background&quot;:&quot;classic&quot;}\">\n\t\t\t\t<div class=\"elementor-element elementor-element-f98f1df elementor-widget elementor-widget-spacer\" data-id=\"f98f1df\" data-element_type=\"widget\" data-e-type=\"widget\" data-widget_type=\"spacer.default\">\n\t\t\t\t<div class=\"elementor-widget-container\">\n\t\t\t\t\t\t\t<div class=\"elementor-spacer\">\n\t\t\t<div class=\"elementor-spacer-inner\"><\/div>\n\t\t<\/div>\n\t\t\t\t\t\t<\/div>\n\t\t\t\t<\/div>\n\t\t\t\t<div class=\"elementor-element elementor-element-5de47a9 elementor-widget elementor-widget-heading\" data-id=\"5de47a9\" data-element_type=\"widget\" data-e-type=\"widget\" data-widget_type=\"heading.default\">\n\t\t\t\t<div class=\"elementor-widget-container\">\n\t\t\t\t\t<h1 class=\"elementor-heading-title elementor-size-default\">Informaci\u00f3 sobre reciclatge electr\u00f2nic\n<\/h1>\t\t\t\t<\/div>\n\t\t\t\t<\/div>\n\t\t\t\t<div class=\"elementor-element elementor-element-27b53c3 elementor-widget elementor-widget-spacer\" data-id=\"27b53c3\" data-element_type=\"widget\" data-e-type=\"widget\" data-widget_type=\"spacer.default\">\n\t\t\t\t<div class=\"elementor-widget-container\">\n\t\t\t\t\t\t\t<div class=\"elementor-spacer\">\n\t\t\t<div class=\"elementor-spacer-inner\"><\/div>\n\t\t<\/div>\n\t\t\t\t\t\t<\/div>\n\t\t\t\t<\/div>\n\t\t\t\t<div class=\"elementor-element elementor-element-4c66346 elementor-widget elementor-widget-text-editor\" data-id=\"4c66346\" data-element_type=\"widget\" data-e-type=\"widget\" data-widget_type=\"text-editor.default\">\n\t\t\t\t<div class=\"elementor-widget-container\">\n\t\t\t\t\t\t\t\t\t<p>Omple el formulari per rebre tota la informaci\u00f3 necess\u00e0ria per gestionar i processar els teus residus el\u00e8ctrics i electr\u00f2nics, per tal de complir amb la normativa legal.<\/p>\n\t\t\t\t\t\t\t\t<\/div>\n\t\t\t\t<\/div>\n\t\t\t\t<div class=\"elementor-element elementor-element-0022ed8 elementor-widget elementor-widget-spacer\" data-id=\"0022ed8\" data-element_type=\"widget\" data-e-type=\"widget\" data-widget_type=\"spacer.default\">\n\t\t\t\t<div class=\"elementor-widget-container\">\n\t\t\t\t\t\t\t<div class=\"elementor-spacer\">\n\t\t\t<div class=\"elementor-spacer-inner\"><\/div>\n\t\t<\/div>\n\t\t\t\t\t\t<\/div>\n\t\t\t\t<\/div>\n\t\t\t\t<\/div>\n\t\t<div class=\"elementor-element elementor-element-d6ce29e e-con-full e-flex parallax_section_no qode_elementor_container_no e-con e-parent\" data-id=\"d6ce29e\" data-element_type=\"container\" data-e-type=\"container\" data-settings=\"{&quot;background_background&quot;:&quot;classic&quot;}\">\n\t\t<div class=\"elementor-element elementor-element-616f6a4 e-con-full e-flex parallax_section_no qode_elementor_container_no e-con e-child\" data-id=\"616f6a4\" data-element_type=\"container\" data-e-type=\"container\">\n\t\t\t\t<div class=\"elementor-element elementor-element-91b40f5 elementor-widget elementor-widget-heading\" data-id=\"91b40f5\" data-element_type=\"widget\" data-e-type=\"widget\" data-widget_type=\"heading.default\">\n\t\t\t\t<div class=\"elementor-widget-container\">\n\t\t\t\t\t<h2 class=\"elementor-heading-title elementor-size-default\">Informaci\u00f3 sobre gesti\u00f3 i tractament del RAEE .<\/h2>\t\t\t\t<\/div>\n\t\t\t\t<\/div>\n\t\t\t\t<div class=\"elementor-element elementor-element-52a76ed elementor-widget elementor-widget-spacer\" data-id=\"52a76ed\" data-element_type=\"widget\" data-e-type=\"widget\" data-widget_type=\"spacer.default\">\n\t\t\t\t<div class=\"elementor-widget-container\">\n\t\t\t\t\t\t\t<div class=\"elementor-spacer\">\n\t\t\t<div class=\"elementor-spacer-inner\"><\/div>\n\t\t<\/div>\n\t\t\t\t\t\t<\/div>\n\t\t\t\t<\/div>\n\t\t\t\t<div class=\"elementor-element elementor-element-b22b431 elementor-widget elementor-widget-heading\" data-id=\"b22b431\" data-element_type=\"widget\" data-e-type=\"widget\" data-widget_type=\"heading.default\">\n\t\t\t\t<div class=\"elementor-widget-container\">\n\t\t\t\t\t<h3 class=\"elementor-heading-title elementor-size-default\">Preguntes freq\u00fcents sobre la gesti\u00f3 de RAEE<\/h3>\t\t\t\t<\/div>\n\t\t\t\t<\/div>\n\t\t\t\t<div class=\"elementor-element elementor-element-4b034dd toggle-faq elementor-widget elementor-widget-qi_addons_for_elementor_accordion\" data-id=\"4b034dd\" data-element_type=\"widget\" data-e-type=\"widget\" data-widget_type=\"qi_addons_for_elementor_accordion.default\">\n\t\t\t\t<div class=\"elementor-widget-container\">\n\t\t\t\t\t<div class=\"qodef-shortcode qodef-m toggle-solicitar qodef-qi-accordion qodef-qi-clear qodef-behavior--toggle qodef-layout--simple qodef-style--border-between\">\n\t<h3 class=\"qodef-e-title-holder\">\n\t<span class=\"qodef-e-title\">Qu\u00e8 \u00e9s un aparell el\u00e8ctric i electr\u00f2nic (AEE)?<\/span>\n\t<span class=\"qodef-e-mark\">\n\t\t<span class=\"qodef-icon--plus\">\n\t\t\t\t\t\t\t+\n\t\t\t\t\t\t<\/span>\n\t\t<span class=\"qodef-icon--minus\">\n\t\t\t\t\t\t\t-\n\t\t\t\t\t\t<\/span>\n\t<\/span>\n<\/h3>\n<div class=\"qodef-e-content\">\n\t<div class=\"qodef-e-content-inner\">\n\t\t<p>S\u00f3n tots els dispositius que per funcionar correctament necessiten corrent el\u00e8ctric o camps electromagn\u00e8tics, i els dispositius necessaris per generar, transmetre i mesurar aquests corrents i camps, que es pretenen utilitzar amb una tensi\u00f3 nominal no superior a 1.000 volts en corrent altern i 1.500 volts en corrent continu.<\/p>\t<\/div>\n<\/div>\n<h3 class=\"qodef-e-title-holder\">\n\t<span class=\"qodef-e-title\">Qu\u00e8 \u00e9s RAEE?<\/span>\n\t<span class=\"qodef-e-mark\">\n\t\t<span class=\"qodef-icon--plus\">\n\t\t\t\t\t\t\t+\n\t\t\t\t\t\t<\/span>\n\t\t<span class=\"qodef-icon--minus\">\n\t\t\t\t\t\t\t-\n\t\t\t\t\t\t<\/span>\n\t<\/span>\n<\/h3>\n<div class=\"qodef-e-content\">\n\t<div class=\"qodef-e-content-inner\">\n\t\t<p>S\u00f3n tots aquells electrodom\u00e8stics que funcionen amb electricitat (que s\u2019endollen al corrent i\/o funcionen amb bateries) que acaben la seva vida \u00fatil o es converteixen en residus. Tots els components que els componen tamb\u00e9 formen part d\u2019aquests residus.<\/p>\t<\/div>\n<\/div>\n<h3 class=\"qodef-e-title-holder\">\n\t<span class=\"qodef-e-title\">Quins tipus de RAEE s&#039;han de reciclar?<\/span>\n\t<span class=\"qodef-e-mark\">\n\t\t<span class=\"qodef-icon--plus\">\n\t\t\t\t\t\t\t+\n\t\t\t\t\t\t<\/span>\n\t\t<span class=\"qodef-icon--minus\">\n\t\t\t\t\t\t\t-\n\t\t\t\t\t\t<\/span>\n\t<\/span>\n<\/h3>\n<div class=\"qodef-e-content\">\n\t<div class=\"qodef-e-content-inner\">\n\t\t<p>Totes les empreses han de tramitar la gesti\u00f3 i el tractament dels seg\u00fcents dispositius quan arribin al final de la seva vida \u00fatil:<\/p><p> <\/p><ul><li>Dispositius d\u2019intercanvi de temperatura: aire condicionat, neveres, congeladors, m\u00e0quines expenedores, radiadors d\u2019oli, deshumidificadors, etc.<\/li><li>Monitors i pantalles: televisors, monitors d\u2019ordinador, diverses pantalles, tauletes, etc.<\/li><li>Llums: llums LED, fluorescents, llums de desc\u00e0rrega d\u2019alta intensitat, etc.<\/li><li>Grans electrodom\u00e8stics: fotocopiadores, dispositius m\u00e8dics, m\u00e0quines recreatives, rentaplats, assecadores, rentadores, grans electrodom\u00e8stics, equips de m\u00fasica, caixers autom\u00e0tics, etc.<\/li><li>Petits electrodom\u00e8stics: consoles, joguines electr\u00f2niques, planxes, aspiradores, torradores, escates, navalles, microones, etc.<\/li><li>Dispositius inform\u00e0tics i de telecomunicacions amb components perillosos: ordinadors, port\u00e0tils, tel\u00e8fons m\u00f2bils i similars, etc.<\/li><li>Panells fotovoltaics<\/li><\/ul>\t<\/div>\n<\/div>\n<h3 class=\"qodef-e-title-holder\">\n\t<span class=\"qodef-e-title\">Quines empreses generen RAEE?<\/span>\n\t<span class=\"qodef-e-mark\">\n\t\t<span class=\"qodef-icon--plus\">\n\t\t\t\t\t\t\t+\n\t\t\t\t\t\t<\/span>\n\t\t<span class=\"qodef-icon--minus\">\n\t\t\t\t\t\t\t-\n\t\t\t\t\t\t<\/span>\n\t<\/span>\n<\/h3>\n<div class=\"qodef-e-content\">\n\t<div class=\"qodef-e-content-inner\">\n\t\t<p>Totes les empreses generen, a temps o de forma recurrent, algun tipus de residus el\u00e8ctrics i electr\u00f2nics La teva empresa ho est\u00e0 fent ara mateix! Per posar-te un exemple tenim: empreses de seguretat, ind\u00fastria, sector sanitari, consultors tecnol\u00f2gics, fabricants de circuits, empreses de lloguer de TI, automoci\u00f3, supermercats, banca, advocats, coworkings\u2026 no esperis m\u00e9s a gestionar el teu RAEE!<\/p>\t<\/div>\n<\/div>\n<h3 class=\"qodef-e-title-holder\">\n\t<span class=\"qodef-e-title\">Per qu\u00e8 \u00e9s important reciclar RAEE?<\/span>\n\t<span class=\"qodef-e-mark\">\n\t\t<span class=\"qodef-icon--plus\">\n\t\t\t\t\t\t\t+\n\t\t\t\t\t\t<\/span>\n\t\t<span class=\"qodef-icon--minus\">\n\t\t\t\t\t\t\t-\n\t\t\t\t\t\t<\/span>\n\t<\/span>\n<\/h3>\n<div class=\"qodef-e-content\">\n\t<div class=\"qodef-e-content-inner\">\n\t\t<p>El RAEE \u00e9s un residu altament contaminant per al medi ambient, ja que contenen materials molt perillosos. El seu tractament s\u2019ha de realitzar sempre en una planta autoritzada per fer-ho de manera adequada i segura.<\/p>\t<\/div>\n<\/div>\n<h3 class=\"qodef-e-title-holder\">\n\t<span class=\"qodef-e-title\"> Les empreses estan obligades a tractar els RAEE?<\/span>\n\t<span class=\"qodef-e-mark\">\n\t\t<span class=\"qodef-icon--plus\">\n\t\t\t\t\t\t\t+\n\t\t\t\t\t\t<\/span>\n\t\t<span class=\"qodef-icon--minus\">\n\t\t\t\t\t\t\t-\n\t\t\t\t\t\t<\/span>\n\t<\/span>\n<\/h3>\n<div class=\"qodef-e-content\">\n\t<div class=\"qodef-e-content-inner\">\n\t\t<p>Totes les entitats generen residus durant l\u2019execuci\u00f3 de la seva activitat sent, moltes d\u2019elles, desconeixedores de les seves obligacions com a productors de residus. Aquestes obligacions estan recollides principalment en la normativa sectorial d\u2019execuci\u00f3: Llei 22\/2011, de residus i s\u00f2ls contaminats i Reial decret 553\/2020, de transfer\u00e8ncia de residus dins del territori de l\u2019Estat, sense perjudici del que disposa la normativa reguladora de cada flux de residus.<\/p>\t<\/div>\n<\/div>\n<h3 class=\"qodef-e-title-holder\">\n\t<span class=\"qodef-e-title\">Per qu\u00e8 has d&#039;anar a un gestor de RAEE amb una depuradora com ACS Recycling?<\/span>\n\t<span class=\"qodef-e-mark\">\n\t\t<span class=\"qodef-icon--plus\">\n\t\t\t\t\t\t\t+\n\t\t\t\t\t\t<\/span>\n\t\t<span class=\"qodef-icon--minus\">\n\t\t\t\t\t\t\t-\n\t\t\t\t\t\t<\/span>\n\t<\/span>\n<\/h3>\n<div class=\"qodef-e-content\">\n\t<div class=\"qodef-e-content-inner\">\n\t\t<p>Les empreses estan obligades a declarar els residus que generen i a documentar correctament la tra\u00e7abilitat de la seva gesti\u00f3. Realitzar aquestes operacions amb un gestor autoritzat amb una depuradora RAEE ofereix una infinitat de beneficis com l\u2019estalvi de costos, l\u2019eliminaci\u00f3 d\u2019intermediaris i el coneixement de la destinaci\u00f3 final dels seus residus.<\/p><p>Un gestor amb planta de tractament funcional i autoritzada pr\u00f2pia, com ACS Recycling, garanteix la recollida de residus, l\u2019absoluta confidencialitat de les dades i la correcta destrucci\u00f3 de RAEE; tot aix\u00f2 complint amb totes les normatives per garantir la gesti\u00f3 i el tractament.<\/p>\t<\/div>\n<\/div>\n<\/div>\n\t\t\t\t<\/div>\n\t\t\t\t<\/div>\n\t\t\t\t<\/div>\n\t\t<div class=\"elementor-element elementor-element-0fa0a37 e-con-full e-flex parallax_section_no qode_elementor_container_no e-con e-child\" data-id=\"0fa0a37\" data-element_type=\"container\" data-e-type=\"container\">\n\t\t\t\t<div class=\"elementor-element elementor-element-ac34a74 elementor-widget elementor-widget-html\" data-id=\"ac34a74\" data-element_type=\"widget\" data-e-type=\"widget\" data-widget_type=\"html.default\">\n\t\t\t\t<div class=\"elementor-widget-container\">\n\t\t\t\t\t<script charset=\"utf-8\" type=\"text\/javascript\" src=\"\/\/js.hsforms.net\/forms\/embed\/v2.js\"><\/script>\n<script>\n  hbspt.forms.create({\n\tregion: \"na1\",\n\t portalId: \"19677858\",\n\tformId: \"10c5cc9c-4e10-44ae-a6d2-bce1a4e49c74\"\n  });\n<\/script>\n\t\t\t\t<\/div>\n\t\t\t\t<\/div>\n\t\t\t\t<\/div>\n\t\t\t\t<\/div>\n\t\t<div class=\"elementor-element elementor-element-6298a0f e-con-full e-flex parallax_section_no qode_elementor_container_no e-con e-parent\" data-id=\"6298a0f\" data-element_type=\"container\" data-e-type=\"container\" id=\"on-estem\" data-settings=\"{&quot;background_background&quot;:&quot;classic&quot;}\">\n\t\t<div class=\"elementor-element elementor-element-11af385 e-con-full e-flex parallax_section_no qode_elementor_container_no e-con e-child\" data-id=\"11af385\" data-element_type=\"container\" data-e-type=\"container\">\n\t\t\t\t<div class=\"elementor-element elementor-element-a31c41a elementor-widget elementor-widget-heading\" data-id=\"a31c41a\" data-element_type=\"widget\" data-e-type=\"widget\" data-widget_type=\"heading.default\">\n\t\t\t\t<div class=\"elementor-widget-container\">\n\t\t\t\t\t<h2 class=\"elementor-heading-title elementor-size-default\">Centre de Tractament i Reciclatge de RAEE.<\/h2>\t\t\t\t<\/div>\n\t\t\t\t<\/div>\n\t\t\t\t<div class=\"elementor-element elementor-element-ba40683 elementor-widget elementor-widget-text-editor\" data-id=\"ba40683\" data-element_type=\"widget\" data-e-type=\"widget\" data-widget_type=\"text-editor.default\">\n\t\t\t\t<div class=\"elementor-widget-container\">\n\t\t\t\t\t\t\t\t\t<div class=\"column-bg-overlay-wrap\" data-bg-animation=\"none\">\n<div class=\"column-bg-overlay\">\n<p>Pau Vila i Dinar\u00e8s, 18,<br \/>Pol\u00edgon Can Torras Can Llobet.<br \/>08192 Sant Quirze del Vall\u00e8s, Barcelona, Espanya.<\/p>\n<\/div>\n<\/div>\n\t\t\t\t\t\t\t\t<\/div>\n\t\t\t\t<\/div>\n\t\t\t\t<\/div>\n\t\t\t\t<\/div>\n\t\t<div class=\"elementor-element elementor-element-4a50868 e-con-full e-flex parallax_section_no qode_elementor_container_no e-con e-parent\" data-id=\"4a50868\" data-element_type=\"container\" data-e-type=\"container\" data-settings=\"{&quot;background_background&quot;:&quot;classic&quot;}\">\n\t\t<div class=\"elementor-element elementor-element-e9687e9 e-con-full e-flex parallax_section_no qode_elementor_container_no e-con e-child\" data-id=\"e9687e9\" data-element_type=\"container\" data-e-type=\"container\">\n\t\t\t\t<div class=\"elementor-element elementor-element-32ad83b elementor-widget elementor-widget-google_maps\" data-id=\"32ad83b\" data-element_type=\"widget\" data-e-type=\"widget\" data-widget_type=\"google_maps.default\">\n\t\t\t\t<div class=\"elementor-widget-container\">\n\t\t\t\t\t\t\t<div class=\"elementor-custom-embed\">\n\t\t\t<iframe loading=\"lazy\"\n\t\t\t\t\tsrc=\"https:\/\/maps.google.com\/maps?q=ACS%20Recycling&#038;t=m&#038;z=10&#038;output=embed&#038;iwloc=near\"\n\t\t\t\t\ttitle=\"ACS Recycling\"\n\t\t\t\t\taria-label=\"ACS Recycling\"\n\t\t\t><\/iframe>\n\t\t<\/div>\n\t\t\t\t\t\t<\/div>\n\t\t\t\t<\/div>\n\t\t\t\t<div class=\"elementor-element elementor-element-0aef909 elementor-widget elementor-widget-spacer\" data-id=\"0aef909\" data-element_type=\"widget\" data-e-type=\"widget\" data-widget_type=\"spacer.default\">\n\t\t\t\t<div class=\"elementor-widget-container\">\n\t\t\t\t\t\t\t<div class=\"elementor-spacer\">\n\t\t\t<div class=\"elementor-spacer-inner\"><\/div>\n\t\t<\/div>\n\t\t\t\t\t\t<\/div>\n\t\t\t\t<\/div>\n\t\t\t\t<\/div>\n\t\t\t\t<\/div>\n\t\t\t\t<\/div>\n\t\t","protected":false},"excerpt":{"rendered":"<p>Informaci\u00f3 sobre reciclatge electr\u00f2nic Omple el formulari per rebre tota la informaci\u00f3 necess\u00e0ria per gestionar i processar els teus residus el\u00e8ctrics i electr\u00f2nics, per tal de complir amb la normativa legal. Informaci\u00f3 sobre gesti\u00f3 i tractament del RAEE . Preguntes freq\u00fcents sobre la gesti\u00f3 de&#8230;<\/p>\n","protected":false},"author":5,"featured_media":0,"parent":0,"menu_order":0,"comment_status":"closed","ping_status":"closed","template":"elementor_header_footer","meta":{"content-type":"","_lmt_disableupdate":"","_lmt_disable":"","footnotes":""},"class_list":["post-3349","page","type-page","status-publish","hentry"],"_links":{"self":[{"href":"https:\/\/acsrecycling.es\/ca\/wp-json\/wp\/v2\/pages\/3349","targetHints":{"allow":["GET"]}}],"collection":[{"href":"https:\/\/acsrecycling.es\/ca\/wp-json\/wp\/v2\/pages"}],"about":[{"href":"https:\/\/acsrecycling.es\/ca\/wp-json\/wp\/v2\/types\/page"}],"author":[{"embeddable":true,"href":"https:\/\/acsrecycling.es\/ca\/wp-json\/wp\/v2\/users\/5"}],"replies":[{"embeddable":true,"href":"https:\/\/acsrecycling.es\/ca\/wp-json\/wp\/v2\/comments?post=3349"}],"version-history":[{"count":10,"href":"https:\/\/acsrecycling.es\/ca\/wp-json\/wp\/v2\/pages\/3349\/revisions"}],"predecessor-version":[{"id":25398,"href":"https:\/\/acsrecycling.es\/ca\/wp-json\/wp\/v2\/pages\/3349\/revisions\/25398"}],"wp:attachment":[{"href":"https:\/\/acsrecycling.es\/ca\/wp-json\/wp\/v2\/media?parent=3349"}],"curies":[{"name":"wp","href":"https:\/\/api.w.org\/{rel}","templated":true}]}}