{"id":3366,"date":"2024-01-03T12:38:15","date_gmt":"2024-01-03T12:38:15","guid":{"rendered":"https:\/\/321brand.com\/acrecycling\/blog\/"},"modified":"2025-11-15T05:12:29","modified_gmt":"2025-11-15T05:12:29","slug":"blog","status":"publish","type":"page","link":"https:\/\/acsrecycling.es\/ca\/blog\/","title":{"rendered":"Blog"},"content":{"rendered":"\t\t<div data-elementor-type=\"wp-page\" data-elementor-id=\"3366\" class=\"elementor elementor-3366 elementor-1257\" data-elementor-post-type=\"page\">\n\t\t\t\t<div class=\"elementor-element elementor-element-5f5e4e9 e-con-full e-flex parallax_section_no qode_elementor_container_no e-con e-parent\" data-id=\"5f5e4e9\" data-element_type=\"container\" data-e-type=\"container\" data-settings=\"{&quot;background_background&quot;:&quot;classic&quot;}\">\n\t\t\t\t<div class=\"elementor-element elementor-element-8c2c751 elementor-widget elementor-widget-heading\" data-id=\"8c2c751\" data-element_type=\"widget\" data-e-type=\"widget\" data-widget_type=\"heading.default\">\n\t\t\t\t<div class=\"elementor-widget-container\">\n\t\t\t\t\t<h1 class=\"elementor-heading-title elementor-size-default\">Blog de reciclatge electr\u00f2nic\n<\/h1>\t\t\t\t<\/div>\n\t\t\t\t<\/div>\n\t\t\t\t<\/div>\n\t\t<div class=\"elementor-element elementor-element-b7f323e e-flex e-con-boxed parallax_section_no qode_elementor_container_no e-con e-parent\" data-id=\"b7f323e\" data-element_type=\"container\" data-e-type=\"container\">\n\t\t\t\t\t<div class=\"e-con-inner\">\n\t\t\t\t<div class=\"elementor-element elementor-element-a7ab603 elementor-widget elementor-widget-qi_addons_for_elementor_blog_list\" data-id=\"a7ab603\" data-element_type=\"widget\" data-e-type=\"widget\" data-widget_type=\"qi_addons_for_elementor_blog_list.default\">\n\t\t\t\t<div class=\"elementor-widget-container\">\n\t\t\t\t\t<div class=\"qodef-shortcode qodef-m qodef-addons-blog-list qodef--list qodef-info-no-icons qodef-image--hover-zoom qodef-qi-grid qodef-layout--qi-columns qodef-col-num--3 qodef-item-layout--standard qodef-responsive--predefined\" >\n\t<div class=\"qodef-grid-inner\">\n\t\t<article class=\"qodef-e qodef-blog-item qodef-grid-item qodef-item--full post-26144 post type-post status-publish format-standard has-post-thumbnail hentry category-acs-recycling-ca\">\n\t<div class=\"qodef-e-inner\">\n\t\t<div class=\"qodef-e-media\">\n\t\t<div class=\"qodef-e-media-image\">\n\t\t<a itemprop=\"url\" href=\"https:\/\/acsrecycling.es\/ca\/dia-mundial-del-reciclatge\/\">\n\t\t\t<img fetchpriority=\"high\" decoding=\"async\" width=\"1200\" height=\"675\" src=\"https:\/\/acsrecycling.es\/wp-content\/uploads\/2026\/03\/Dia-Mundial-del-Reciclatge.webp\" class=\"attachment-full size-full\" alt=\"Dia Mundial del Reciclatge\" srcset=\"https:\/\/acsrecycling.es\/wp-content\/uploads\/2026\/03\/Dia-Mundial-del-Reciclatge.webp 1200w, https:\/\/acsrecycling.es\/wp-content\/uploads\/2026\/03\/Dia-Mundial-del-Reciclatge-300x169.webp 300w, https:\/\/acsrecycling.es\/wp-content\/uploads\/2026\/03\/Dia-Mundial-del-Reciclatge-1024x576.webp 1024w, https:\/\/acsrecycling.es\/wp-content\/uploads\/2026\/03\/Dia-Mundial-del-Reciclatge-768x432.webp 768w, https:\/\/acsrecycling.es\/wp-content\/uploads\/2026\/03\/Dia-Mundial-del-Reciclatge-700x394.webp 700w, https:\/\/acsrecycling.es\/wp-content\/uploads\/2026\/03\/Dia-Mundial-del-Reciclatge-539x303.webp 539w\" sizes=\"(max-width: 1200px) 100vw, 1200px\" \/>\t\t<\/a>\n\t\t\t<\/div>\n<\/div>\n\t\t<div class=\"qodef-e-content\">\n\t\t\t\t\t\t<div class=\"qodef-e-text\">\n\t\t\t\t<h2 itemprop=\"name\" class=\"qodef-e-title entry-title\">\n\t<a itemprop=\"url\" class=\"qodef-e-title-link\" href=\"https:\/\/acsrecycling.es\/ca\/dia-mundial-del-reciclatge\/\">\n\t\tDia Mundial del Reciclatge: Una oportunitat per cuidar el planeta\t<\/a>\n<\/h2>\n\t\t\t<\/div>\n\t\t\t\t\t<\/div>\n\t<\/div>\n<\/article>\n<article class=\"qodef-e qodef-blog-item qodef-grid-item qodef-item--full post-26028 post type-post status-publish format-standard has-post-thumbnail hentry category-sin-categorizar\">\n\t<div class=\"qodef-e-inner\">\n\t\t<div class=\"qodef-e-media\">\n\t\t<div class=\"qodef-e-media-image\">\n\t\t<a itemprop=\"url\" href=\"https:\/\/acsrecycling.es\/ca\/que-son-els-residus-tecnologics\/\">\n\t\t\t<img decoding=\"async\" width=\"1020\" height=\"575\" src=\"https:\/\/acsrecycling.es\/wp-content\/uploads\/2026\/02\/Que-son-els-residus-tecnologics.png\" class=\"attachment-full size-full\" alt=\"Qu\u00e8 s\u00f3n els residus tecnol\u00f2gics\" srcset=\"https:\/\/acsrecycling.es\/wp-content\/uploads\/2026\/02\/Que-son-els-residus-tecnologics.png 1020w, https:\/\/acsrecycling.es\/wp-content\/uploads\/2026\/02\/Que-son-els-residus-tecnologics-300x169.png 300w, https:\/\/acsrecycling.es\/wp-content\/uploads\/2026\/02\/Que-son-els-residus-tecnologics-768x433.png 768w, https:\/\/acsrecycling.es\/wp-content\/uploads\/2026\/02\/Que-son-els-residus-tecnologics-700x395.png 700w, https:\/\/acsrecycling.es\/wp-content\/uploads\/2026\/02\/Que-son-els-residus-tecnologics-539x303.png 539w\" sizes=\"(max-width: 1020px) 100vw, 1020px\" \/>\t\t<\/a>\n\t\t\t<\/div>\n<\/div>\n\t\t<div class=\"qodef-e-content\">\n\t\t\t\t\t\t<div class=\"qodef-e-text\">\n\t\t\t\t<h2 itemprop=\"name\" class=\"qodef-e-title entry-title\">\n\t<a itemprop=\"url\" class=\"qodef-e-title-link\" href=\"https:\/\/acsrecycling.es\/ca\/que-son-els-residus-tecnologics\/\">\n\t\tQu\u00e8 s\u00f3n els residus tecnol\u00f2gics?\t<\/a>\n<\/h2>\n\t\t\t<\/div>\n\t\t\t\t\t<\/div>\n\t<\/div>\n<\/article>\n<article class=\"qodef-e qodef-blog-item qodef-grid-item qodef-item--full post-25753 post type-post status-publish format-standard has-post-thumbnail hentry category-acs-recycling-ca\">\n\t<div class=\"qodef-e-inner\">\n\t\t<div class=\"qodef-e-media\">\n\t\t<div class=\"qodef-e-media-image\">\n\t\t<a itemprop=\"url\" href=\"https:\/\/acsrecycling.es\/ca\/com-es-classifiquen-els-raee\/\">\n\t\t\t<img decoding=\"async\" width=\"1200\" height=\"794\" src=\"https:\/\/acsrecycling.es\/wp-content\/uploads\/2026\/01\/com-es-classifiquen-els-RAEE.webp\" class=\"attachment-full size-full\" alt=\"com es classifiquen els RAEE\" srcset=\"https:\/\/acsrecycling.es\/wp-content\/uploads\/2026\/01\/com-es-classifiquen-els-RAEE.webp 1200w, https:\/\/acsrecycling.es\/wp-content\/uploads\/2026\/01\/com-es-classifiquen-els-RAEE-300x199.webp 300w, https:\/\/acsrecycling.es\/wp-content\/uploads\/2026\/01\/com-es-classifiquen-els-RAEE-1024x678.webp 1024w, https:\/\/acsrecycling.es\/wp-content\/uploads\/2026\/01\/com-es-classifiquen-els-RAEE-768x508.webp 768w, https:\/\/acsrecycling.es\/wp-content\/uploads\/2026\/01\/com-es-classifiquen-els-RAEE-700x463.webp 700w\" sizes=\"(max-width: 1200px) 100vw, 1200px\" \/>\t\t<\/a>\n\t\t\t<\/div>\n<\/div>\n\t\t<div class=\"qodef-e-content\">\n\t\t\t\t\t\t<div class=\"qodef-e-text\">\n\t\t\t\t<h2 itemprop=\"name\" class=\"qodef-e-title entry-title\">\n\t<a itemprop=\"url\" class=\"qodef-e-title-link\" href=\"https:\/\/acsrecycling.es\/ca\/com-es-classifiquen-els-raee\/\">\n\t\tCom es classifiquen els RAEE\t<\/a>\n<\/h2>\n\t\t\t<\/div>\n\t\t\t\t\t<\/div>\n\t<\/div>\n<\/article>\n<article class=\"qodef-e qodef-blog-item qodef-grid-item qodef-item--full post-25692 post type-post status-publish format-standard has-post-thumbnail hentry category-acs-recycling-ca\">\n\t<div class=\"qodef-e-inner\">\n\t\t<div class=\"qodef-e-media\">\n\t\t<div class=\"qodef-e-media-image\">\n\t\t<a itemprop=\"url\" href=\"https:\/\/acsrecycling.es\/ca\/per-que-es-tan-important-la-capa-dozo-per-a-la-vida\/\">\n\t\t\t<img loading=\"lazy\" decoding=\"async\" width=\"1200\" height=\"793\" src=\"https:\/\/acsrecycling.es\/wp-content\/uploads\/2025\/12\/capa-dozo.jpg\" class=\"attachment-full size-full\" alt=\"capa d\u2019oz\u00f3\" srcset=\"https:\/\/acsrecycling.es\/wp-content\/uploads\/2025\/12\/capa-dozo.jpg 1200w, https:\/\/acsrecycling.es\/wp-content\/uploads\/2025\/12\/capa-dozo-300x198.jpg 300w, https:\/\/acsrecycling.es\/wp-content\/uploads\/2025\/12\/capa-dozo-1024x677.jpg 1024w, https:\/\/acsrecycling.es\/wp-content\/uploads\/2025\/12\/capa-dozo-768x508.jpg 768w, https:\/\/acsrecycling.es\/wp-content\/uploads\/2025\/12\/capa-dozo-700x463.jpg 700w\" sizes=\"(max-width: 1200px) 100vw, 1200px\" \/>\t\t<\/a>\n\t\t\t<\/div>\n<\/div>\n\t\t<div class=\"qodef-e-content\">\n\t\t\t\t\t\t<div class=\"qodef-e-text\">\n\t\t\t\t<h2 itemprop=\"name\" class=\"qodef-e-title entry-title\">\n\t<a itemprop=\"url\" class=\"qodef-e-title-link\" href=\"https:\/\/acsrecycling.es\/ca\/per-que-es-tan-important-la-capa-dozo-per-a-la-vida\/\">\n\t\tPer qu\u00e8 \u00e9s tan important la capa d\u2019oz\u00f3 per a la vida\t<\/a>\n<\/h2>\n\t\t\t<\/div>\n\t\t\t\t\t<\/div>\n\t<\/div>\n<\/article>\n<article class=\"qodef-e qodef-blog-item qodef-grid-item qodef-item--full post-25216 post type-post status-publish format-standard has-post-thumbnail hentry category-acs-recycling-ca\">\n\t<div class=\"qodef-e-inner\">\n\t\t<div class=\"qodef-e-media\">\n\t\t<div class=\"qodef-e-media-image\">\n\t\t<a itemprop=\"url\" href=\"https:\/\/acsrecycling.es\/ca\/la-brossa-electronica\/\">\n\t\t\t<img loading=\"lazy\" decoding=\"async\" width=\"1200\" height=\"800\" src=\"https:\/\/acsrecycling.es\/wp-content\/uploads\/2025\/11\/Brossa-electronica-origen-i-perill.jpg\" class=\"attachment-full size-full\" alt=\"Brossa electr\u00f2nica origen i perill\" srcset=\"https:\/\/acsrecycling.es\/wp-content\/uploads\/2025\/11\/Brossa-electronica-origen-i-perill.jpg 1200w, https:\/\/acsrecycling.es\/wp-content\/uploads\/2025\/11\/Brossa-electronica-origen-i-perill-300x200.jpg 300w, https:\/\/acsrecycling.es\/wp-content\/uploads\/2025\/11\/Brossa-electronica-origen-i-perill-1024x683.jpg 1024w, https:\/\/acsrecycling.es\/wp-content\/uploads\/2025\/11\/Brossa-electronica-origen-i-perill-768x512.jpg 768w, https:\/\/acsrecycling.es\/wp-content\/uploads\/2025\/11\/Brossa-electronica-origen-i-perill-700x467.jpg 700w\" sizes=\"(max-width: 1200px) 100vw, 1200px\" \/>\t\t<\/a>\n\t\t\t<\/div>\n<\/div>\n\t\t<div class=\"qodef-e-content\">\n\t\t\t\t\t\t<div class=\"qodef-e-text\">\n\t\t\t\t<h2 itemprop=\"name\" class=\"qodef-e-title entry-title\">\n\t<a itemprop=\"url\" class=\"qodef-e-title-link\" href=\"https:\/\/acsrecycling.es\/ca\/la-brossa-electronica\/\">\n\t\tBrossa electr\u00f2nica, origen i perill\t<\/a>\n<\/h2>\n\t\t\t<\/div>\n\t\t\t\t\t<\/div>\n\t<\/div>\n<\/article>\n<article class=\"qodef-e qodef-blog-item qodef-grid-item qodef-item--full post-19213 post type-post status-publish format-standard has-post-thumbnail hentry category-acs-recycling-ca category-servicios-acs-recycling\">\n\t<div class=\"qodef-e-inner\">\n\t\t<div class=\"qodef-e-media\">\n\t\t<div class=\"qodef-e-media-image\">\n\t\t<a itemprop=\"url\" href=\"https:\/\/acsrecycling.es\/ca\/raee-i-quines-solucions-acs-recycling-proposa-2\/\">\n\t\t\t<img loading=\"lazy\" decoding=\"async\" width=\"2560\" height=\"1703\" src=\"https:\/\/acsrecycling.es\/wp-content\/uploads\/2020\/05\/ViccFotografia_014-scaled-2.jpg\" class=\"attachment-full size-full\" alt=\"\" srcset=\"https:\/\/acsrecycling.es\/wp-content\/uploads\/2020\/05\/ViccFotografia_014-scaled-2.jpg 2560w, https:\/\/acsrecycling.es\/wp-content\/uploads\/2020\/05\/ViccFotografia_014-scaled-2-300x200.jpg 300w, https:\/\/acsrecycling.es\/wp-content\/uploads\/2020\/05\/ViccFotografia_014-scaled-2-1024x681.jpg 1024w, https:\/\/acsrecycling.es\/wp-content\/uploads\/2020\/05\/ViccFotografia_014-scaled-2-768x511.jpg 768w, https:\/\/acsrecycling.es\/wp-content\/uploads\/2020\/05\/ViccFotografia_014-scaled-2-1536x1022.jpg 1536w, https:\/\/acsrecycling.es\/wp-content\/uploads\/2020\/05\/ViccFotografia_014-scaled-2-2048x1362.jpg 2048w, https:\/\/acsrecycling.es\/wp-content\/uploads\/2020\/05\/ViccFotografia_014-scaled-2-700x466.jpg 700w\" sizes=\"(max-width: 2560px) 100vw, 2560px\" \/>\t\t<\/a>\n\t\t\t<\/div>\n<\/div>\n\t\t<div class=\"qodef-e-content\">\n\t\t\t\t\t\t<div class=\"qodef-e-text\">\n\t\t\t\t<h2 itemprop=\"name\" class=\"qodef-e-title entry-title\">\n\t<a itemprop=\"url\" class=\"qodef-e-title-link\" href=\"https:\/\/acsrecycling.es\/ca\/raee-i-quines-solucions-acs-recycling-proposa-2\/\">\n\t\tRAEE i quines solucions ACS Recycling proposa\t<\/a>\n<\/h2>\n\t\t\t<\/div>\n\t\t\t\t\t<\/div>\n\t<\/div>\n<\/article>\n\t<\/div>\n\t<\/div>\n\t\t\t\t<\/div>\n\t\t\t\t<\/div>\n\t\t\t\t\t<\/div>\n\t\t\t\t<\/div>\n\t\t\t\t<\/div>\n\t\t","protected":false},"excerpt":{"rendered":"<p>Blog de reciclatge electr\u00f2nic RAEE i quines solucions ACS Recycling proposa<\/p>\n","protected":false},"author":5,"featured_media":0,"parent":0,"menu_order":0,"comment_status":"closed","ping_status":"closed","template":"elementor_header_footer","meta":{"content-type":"","_lmt_disableupdate":"","_lmt_disable":"","footnotes":""},"class_list":["post-3366","page","type-page","status-publish","hentry"],"_links":{"self":[{"href":"https:\/\/acsrecycling.es\/ca\/wp-json\/wp\/v2\/pages\/3366","targetHints":{"allow":["GET"]}}],"collection":[{"href":"https:\/\/acsrecycling.es\/ca\/wp-json\/wp\/v2\/pages"}],"about":[{"href":"https:\/\/acsrecycling.es\/ca\/wp-json\/wp\/v2\/types\/page"}],"author":[{"embeddable":true,"href":"https:\/\/acsrecycling.es\/ca\/wp-json\/wp\/v2\/users\/5"}],"replies":[{"embeddable":true,"href":"https:\/\/acsrecycling.es\/ca\/wp-json\/wp\/v2\/comments?post=3366"}],"version-history":[{"count":8,"href":"https:\/\/acsrecycling.es\/ca\/wp-json\/wp\/v2\/pages\/3366\/revisions"}],"predecessor-version":[{"id":25445,"href":"https:\/\/acsrecycling.es\/ca\/wp-json\/wp\/v2\/pages\/3366\/revisions\/25445"}],"wp:attachment":[{"href":"https:\/\/acsrecycling.es\/ca\/wp-json\/wp\/v2\/media?parent=3366"}],"curies":[{"name":"wp","href":"https:\/\/api.w.org\/{rel}","templated":true}]}}